{"id":338,"date":"2023-08-07T10:58:36","date_gmt":"2023-08-07T10:58:36","guid":{"rendered":"https:\/\/www.whyvaccines.com\/es-us\/?page_id=338"},"modified":"2026-04-16T08:03:36","modified_gmt":"2026-04-16T08:03:36","slug":"celenia","status":"publish","type":"page","link":"https:\/\/www.whyvaccines.com\/es-us\/real-vaccination-stories\/celenia\/","title":{"rendered":"Celenia\u2019s vaccination story"},"content":{"rendered":"<link rel='stylesheet' id='vivid360-row-module-css-css' href='https:\/\/www.whyvaccines.com\/es-us\/wp-content\/themes\/cex-wpvip-mhh-merck-vivid360-theme-1-12\/blocks\/row\/css\/style.min.css?ver=6.8.5' media='all' \/>\n\n<div style=\"border-width:0px;border-style:;border-radius:0;background-color: !important\" class=\"wp-block-vivid360-row vivid360-row hcp-wide-bg-width has-white-background-color full-page-width\"><div class=\"cropped\" id=\"row94581cef-4967-4ba3-a381-99fca869f3be\"><div style=\"padding-top:0px;padding-bottom:0px;padding-right:0px;padding-left:0px\" class=\"row-content wide-width hcp-wide-width\"><link rel='stylesheet' id='vivid360-spacer-css-css' href='https:\/\/www.whyvaccines.com\/es-us\/wp-content\/themes\/cex-wpvip-mhh-merck-vivid360-theme-1-12\/blocks\/spacer\/css\/style.min.css?ver=1765535928' media='all' \/>\n\n<div style=\"background-color:transparent;height:48px\" class=\"wp-block-vivid360-spacer vivid360-spacer spacer-48\"><\/div>\n\n\n<link rel='stylesheet' id='vivid360-heading-css-css' href='https:\/\/www.whyvaccines.com\/es-us\/wp-content\/themes\/cex-wpvip-mhh-merck-vivid360-theme-1-12\/blocks\/heading\/css\/style.min.css?ver=1765535927' media='all' \/>\n\n<div class=\"vivid360-heading default-hcp-fontsize default-hcp-tablet-fontsize default-hcp-mobile-fontsize\" id=\"aa49b23ba-d6ec-4f3a-bbab-044781392371\"><h1 class=\"has-primary-dark-color has-text-align-center content-width fontWeightRegular\" style=\"--desktopFontSize:var(--h1FontSizeDesktop);--tabletFontSize:var(--h1FontSizeDesktop);--mobileFontSize:var(--h1FontSizeMobile);--desktopLineHeightSize:var(--h1LineHeightDesktop);--tabletLineHeightSize:var(--h1LineHeightDesktop);--mobileLineHeightSize:;--tabletAlign:center;--mobileAlign:center\" id=\"\"><strong>La historia de Celenia con las vacunas<\/strong><\/h1><\/div>\n\n\n<link rel='stylesheet' id='vivid360-video-module-css-css' href='https:\/\/www.whyvaccines.com\/es-us\/wp-content\/themes\/cex-wpvip-mhh-merck-vivid360-theme-1-12\/blocks\/video-module\/css\/style.min.css?ver=1765535928' media='all' \/>\n\n<div id=\"\" class=\"wp-block-vivid360-video-module vivid360-block-video-module video-module-center full-page-width\"><div class=\"video-wrapper\"><div data-tracking-video=\"6369379931112\" class=\"vivid360-block-video-module-video-content\"><div><video id=\"video-block\" data-design-category=\"Video\" data-account=\"1905768940001\" data-player=\"default\" data-embed=\"default\" controls data-video-id=\"6369379931112\" data-playlist-id=\"\" data-application-id=\"\" class=\"vjs-fluid video-js\" aria-labelledby=\"video_label\" aria-describedby=\"video_description\"><\/video><\/div><\/div><div id=\"video_label\" hidden>BrightCove Video<\/div><div id=\"video_description\" aria-live=\"polite\" role=\"caption\" hidden><\/div><figure class=\"text-align-left\"><figcaption><\/figcaption><\/figure><\/div><\/div>\n\n\n\n<div style=\"background-color:transparent;height:8px\" class=\"wp-block-vivid360-spacer vivid360-spacer spacer-8\"><\/div>\n\n\n\n<div class=\"paragraph-wrapper\"><div class=\"_e5cf9257-dc08-43b4-ad4a-9ca1c1f755a5 \" id=\"\"><p class=\"has-text-align-center has-large-font-size\"><strong>Cuando naci\u00f3 mi hija, todo cambi\u00f3. Como madre, solo quer\u00eda asegurarme de que estaba haciendo lo mejor para ella.<\/strong><\/p><\/div><\/div>\n\n\n\n<div style=\"background-color:transparent;height:32px\" class=\"wp-block-vivid360-spacer vivid360-spacer spacer-32\"><\/div>\n\n\n\n<div class=\"wp-block-columns are-vertically-aligned-top mb-0 is-layout-flex wp-container-core-columns-is-layout-9d6595d7 wp-block-columns-is-layout-flex\">\n<div class=\"wp-block-column is-vertically-aligned-top is-layout-flow wp-block-column-is-layout-flow\">\n<div class=\"paragraph-wrapper\"><div class=\"_4a8e4fcd-4def-430d-a247-b871c898ca41 \" id=\"\"><p class=\"has-medium-font-size\">Cuando naci\u00f3 mi hija, todo cambi\u00f3. Como madre, solo quer\u00eda asegurarme de que estaba haciendo lo mejor para ella.<\/p><\/div><\/div>\n\n\n\n<div style=\"background-color:transparent;height:16px\" class=\"wp-block-vivid360-spacer vivid360-spacer spacer-16\"><\/div>\n\n\n\n<div class=\"paragraph-wrapper\"><div class=\"_1e83e9cb-7135-4112-9eb3-3acc2e927e5d \" id=\"\"><p class=\"has-medium-font-size\">Hab\u00eda muchas decisiones que tomar por ella y mucha informaci\u00f3n que analizar, en especial sobre las vacunas.<\/p><\/div><\/div>\n\n\n\n<div style=\"background-color:transparent;height:16px\" class=\"wp-block-vivid360-spacer vivid360-spacer spacer-16\"><\/div>\n\n\n\n<div class=\"paragraph-wrapper\"><div class=\"_3c520e8b-fe4a-47fb-9fa3-9dbcfa43c43d \" id=\"\"><p class=\"has-medium-font-size\">Y, despu\u00e9s de escuchar diferentes opiniones e historias de amigos, familiares, colegas y otros padres, ten\u00eda algunas dudas sobre la posible vacunaci\u00f3n de mi hija.<\/p><\/div><\/div>\n\n\n\n<div style=\"background-color:transparent;height:16px\" class=\"wp-block-vivid360-spacer vivid360-spacer spacer-16\"><\/div>\n\n\n\n<div class=\"paragraph-wrapper\"><div class=\"_c2e5e163-8242-402a-b8c8-9e9aaffbf6f0 \" id=\"\"><p class=\"has-medium-font-size\">\u00bfCu\u00e1les son los efectos secundarios inmediatos de las vacunas? \u00bfQu\u00e9 pasa si le doy una vacuna a mi hija y tiene efectos secundarios m\u00e1s adelante en la vida?<\/p><\/div><\/div>\n\n\n\n<div style=\"background-color:transparent;height:16px\" class=\"wp-block-vivid360-spacer vivid360-spacer spacer-16\"><\/div>\n\n\n\n<div class=\"paragraph-wrapper\"><div class=\"_04acaab5-128d-4b09-a825-06ba77051efd \" id=\"\"><p class=\"has-medium-font-size\">Investigu\u00e9 por mi cuenta en internet y, luego, mi esposo y yo nos reunimos con el m\u00e9dico de nuestra hija para analizar la informaci\u00f3n que encontr\u00e9. Confiamos en que su m\u00e9dico podr\u00eda orientarnos respecto a las preguntas sobre los efectos secundarios de las vacunas y otras inquietudes que ten\u00edamos.<\/p><\/div><\/div>\n\n\n\n<div style=\"background-color:transparent;height:16px\" class=\"wp-block-vivid360-spacer vivid360-spacer spacer-16\"><\/div>\n\n\n\n<div class=\"paragraph-wrapper\"><div class=\"_637ef159-8c27-468b-8ac9-34fb042204ba \" id=\"\"><p class=\"has-medium-font-size\">Despu\u00e9s de esa conversaci\u00f3n, empec\u00e9 a sentirme m\u00e1s segura respecto a las vacunas.<\/p><\/div><\/div>\n\n\n\n<div style=\"background-color:transparent;height:16px\" class=\"wp-block-vivid360-spacer vivid360-spacer spacer-16\"><\/div>\n\n\n\n<div class=\"paragraph-wrapper\"><div class=\"_0e0464eb-5c0a-441c-a1c0-521906dc5013 \" id=\"\"><p class=\"has-medium-font-size\">Justo en esa \u00e9poca, me enter\u00e9 de un brote de una enfermedad que, en general, ya no presentaba un riesgo para los ni\u00f1os. Sent\u00ed mucha preocupaci\u00f3n.<\/p><\/div><\/div>\n<\/div>\n\n\n\n<div class=\"wp-block-column is-vertically-aligned-top is-layout-flow wp-block-column-is-layout-flow\">\n<div class=\"paragraph-wrapper\"><div class=\"_7c14b4ae-af77-4447-b09d-cbcdcfbc7311 \" id=\"\"><p class=\"has-medium-font-size\">\u00bfQu\u00e9 pasar\u00eda si esto ocurriera donde vivimos? Estas vacunas ayudan a proteger a mi hija de brotes como este.<\/p><\/div><\/div>\n\n\n\n<div style=\"background-color:transparent;height:8px\" class=\"wp-block-vivid360-spacer vivid360-spacer spacer-8\"><\/div>\n\n\n<link rel='stylesheet' id='vivid360-quote-css-css' href='https:\/\/www.whyvaccines.com\/es-us\/wp-content\/themes\/cex-wpvip-mhh-merck-vivid360-theme-1-12\/blocks\/quote\/css\/style.min.css?ver=1765535928' media='all' \/>\n\n<div id=\"\" class=\"wp-block-vivid360-quote has-text-align-left has-vertical-bar\"><blockquote><p class=\"quote-content\"><span class=\"vertical-bar\" style=\"background-color:#ff8a1e\"><\/span><span class=\"h2 fontWeightRegular\"><mark style=\"background-color:rgba(0, 0, 0, 0);color:#333333\" class=\"has-inline-color\"><strong>\u201cInvestigu\u00e9 por mi cuenta en internet y, luego, nos reunimos con el m\u00e9dico de nuestra hija para hablar sobre la informaci\u00f3n que encontr\u00e9\u2026\u201d<\/strong><\/mark><\/span><\/p><\/blockquote><\/div>\n\n\n\n<div class=\"paragraph-wrapper\"><div class=\"_3656a35c-01f5-4b5a-876a-58e9a8be65b3 \" id=\"\"><p class=\"has-medium-font-size\">Al mirar atr\u00e1s, me alegra haber vacunado a nuestra hija seg\u00fan el calendario recomendado. En la actualidad, ella es una ni\u00f1a de doce a\u00f1os feliz y saludable.<\/p><\/div><\/div>\n\n\n\n<div style=\"background-color:transparent;height:16px\" class=\"wp-block-vivid360-spacer vivid360-spacer spacer-16\"><\/div>\n\n\n\n<div class=\"paragraph-wrapper\"><div class=\"_67fc8e52-46e4-4f9c-b5af-c6ba4e869b4d \" id=\"\"><p class=\"has-black-color has-text-color has-medium-font-size\">Tomamos una decisi\u00f3n informada con la ayuda de profesionales de la salud en quienes confiamos. Creo que hicimos lo mejor para nuestra hija y nuestra familia.<\/p><\/div><\/div>\n<\/div>\n<\/div>\n\n\n\n<div style=\"background-color:transparent;--desktop-spacer:40px;--tablet-spacer:40px;--mobile-spacer:40px\" class=\"wp-block-vivid360-spacer vivid360-spacer-desktop vivid360-spacer-tablet vivid360-spacer-mobile\"><\/div>\n\n\n\n<div class=\"vivid360-heading\" id=\"adfdf052f-5763-4e3c-8a16-d29452f5f0d5\"><h2 class=\"content-width fontWeightRegular\" style=\"--desktopFontSize:24px;--tabletFontSize:20px;--mobileFontSize:20px;--desktopLineHeightSize:36px;--tabletLineHeightSize:30px;--mobileLineHeightSize:\" id=\"\"><strong>M\u00e1s madres con historias reales<\/strong><\/h2><\/div>\n\n\n\n<div class=\"wp-block-columns ml-0 mb-0 is-layout-flex wp-container-core-columns-is-layout-9d6595d7 wp-block-columns-is-layout-flex\">\n<div class=\"wp-block-column ml-0 is-layout-flow wp-block-column-is-layout-flow\" style=\"flex-basis:33%\"><link rel='stylesheet' id='vivid360-card-css-css' href='https:\/\/www.whyvaccines.com\/es-us\/wp-content\/themes\/cex-wpvip-mhh-merck-vivid360-theme-1-12\/blocks\/card\/css\/style.min.css?ver=1773226567' media='all' \/>\n\n<div id=\"\" class=\"wp-block-vivid360-card ad220692b-4dce-416f-a652-327346c53bd0 vivid360-block-card has-text-align-left card-basic full-page-width mt-0 ml-0\" style=\"border-width:0px;border-style:;border-radius:0;color:#111 !important\"><div class=\"card-media \"><figure class=\"ratio-16-9\"><picture><source media=\"(max-width: 767px)\" data-srcset=\"https:\/\/www.whyvaccines.com\/es-us\/wp-content\/uploads\/sites\/367\/2025\/05\/april-orange.webp?w=767\"\/><source media=\"(min-width: 768px) and (max-width: 1440px)\" data-srcset=\"https:\/\/www.whyvaccines.com\/es-us\/wp-content\/uploads\/sites\/367\/2025\/05\/april-orange.webp?w=1440\"\/><img decoding=\"async\" width=\"720\" height=\"405\" data-src=\"https:\/\/www.whyvaccines.com\/es-us\/wp-content\/uploads\/sites\/367\/2025\/05\/april-orange.webp\" loading=\"lazy\" src=\"https:\/\/www.whyvaccines.com\/es-us\/wp-content\/uploads\/sites\/367\/2025\/05\/april-orange.webp\" alt=\"\"\/><\/picture><\/figure><\/div><div class=\"card-content anchor-btn-bottom\"><div class=\"card-content-wrap\"><div class=\"card-desc has-small-font-size\">\n<p class=\"has-text-color has-link-color has-medium-font-size wp-elements-8a998e40e14f828f350f5630f77c821f\" style=\"color:#333333\"><strong>April<\/strong><\/p>\n\n\n\n<p class=\"has-text-color has-link-color has-regular-font-size wp-elements-cb9fa8a28cf24141b41385a2cd907a9d\" style=\"color:#333333\">Esposa y madre de 3 hijos, gerente de oficina que hace todo, amante de la m\u00fasica<\/p>\n\n\n\n<div style=\"background-color:transparent;height:16px\" class=\"wp-block-vivid360-spacer vivid360-spacer spacer-16\"><\/div>\n\n\n\n<div class=\"wp-block-vivid360-button-parent btn-block-container content-width button-justify-left\"><link rel='stylesheet' id='vivid360-button-block-css-css' href='https:\/\/www.whyvaccines.com\/es-us\/wp-content\/themes\/cex-wpvip-mhh-merck-vivid360-theme-1-12\/blocks\/button\/css\/style.min.css?ver=1765535927' media='all' \/>\n<link rel='stylesheet' id='vivid360-button-parent-block-css-css' href='https:\/\/www.whyvaccines.com\/es-us\/wp-content\/themes\/cex-wpvip-mhh-merck-vivid360-theme-1-12\/blocks\/button-parent\/css\/style.min.css?ver=6.8.5' media='all' \/>\n\n<div class=\"vivid360-button-block fullWidth-mobile\"><a class=\"btn primary primary-regular has-primary-dark-border-color has-primary-dark-background-color\" role=\"button\" style=\"font-size:14px;letter-spacing:0.86px;border-radius:4px;border-style:solid;justify-content:center;text-align:center;width:100%\" href=\"https:\/\/www.whyvaccines.com\/es-us\/real-vaccination-stories\/april\/\" title=\"Por qu\u00e9 April eligi\u00f3 la vacunaci\u00f3n\" target=\"_self\" rel=\"noopener\" data-design-category=\"button\" data-design-label=\"Por qu\u00e9 April eligi\u00f3 la vacunaci\u00f3n\" data-design-module=\"element\" data-event-name=\"element_click\">Por qu\u00e9 April eligi\u00f3 la vacunaci\u00f3n<\/a><\/div>\n<\/div>\n<\/div><\/div><\/div><\/div>\n<\/div>\n\n\n\n<div class=\"wp-block-column is-layout-flow wp-block-column-is-layout-flow\"><\/div>\n\n\n\n<div class=\"wp-block-column is-layout-flow wp-block-column-is-layout-flow\"><\/div>\n<\/div>\n\n\n\n<div style=\"background-color:transparent;--desktop-spacer:50px;--tablet-spacer:20px;--mobile-spacer:20px\" class=\"wp-block-vivid360-spacer vivid360-spacer-desktop vivid360-spacer-tablet vivid360-spacer-mobile\"><\/div>\n<\/div><\/div><\/div>\n","protected":false},"excerpt":{"rendered":"","protected":false},"author":666,"featured_media":0,"parent":334,"menu_order":0,"comment_status":"closed","ping_status":"closed","template":"","meta":{"_acf_changed":false,"_trash_the_other_posts":false,"editor_notices":[],"footnotes":""},"class_list":["post-338","page","type-page","status-publish"],"yoast_head":"<!-- This site is optimized with the Yoast SEO plugin v27.4 - https:\/\/yoast.com\/product\/yoast-seo-wordpress\/ -->\n<title>Celenia&#039;s Story and Her Decision to Vaccinate Her Child<\/title>\n<meta name=\"description\" content=\"Hear how Celenia made the vaccination decision for her daughter after doing her own research then sitting down with her daughter&#039;s doctor to discuss.\" \/>\n<meta name=\"robots\" content=\"index, follow, max-snippet:-1, max-image-preview:large, max-video-preview:-1\" \/>\n<link rel=\"canonical\" href=\"https:\/\/www.whyvaccines.com\/es-us\/real-vaccination-stories\/celenia\/\" \/>\n<meta property=\"og:locale\" content=\"en_US\" \/>\n<meta property=\"og:type\" content=\"article\" \/>\n<meta property=\"og:title\" content=\"Celenia&#039;s Story and Her Decision to Vaccinate Her Child\" \/>\n<meta property=\"og:description\" content=\"Hear how Celenia made the vaccination decision for her daughter after doing her own research then sitting down with her daughter&#039;s doctor to discuss.\" \/>\n<meta property=\"og:url\" content=\"https:\/\/www.whyvaccines.com\/es-us\/real-vaccination-stories\/celenia\/\" \/>\n<meta property=\"og:site_name\" content=\"whyvaccines-hcc-es\" \/>\n<meta property=\"article:modified_time\" content=\"2026-04-16T08:03:36+00:00\" \/>\n<meta property=\"og:image\" content=\"https:\/\/www.whyvaccines.com\/es-us\/wp-content\/uploads\/sites\/367\/2024\/07\/card-2.png\" \/>\n\t<meta property=\"og:image:width\" content=\"1104\" \/>\n\t<meta property=\"og:image:height\" content=\"621\" \/>\n\t<meta property=\"og:image:type\" content=\"image\/png\" \/>\n<meta name=\"twitter:card\" content=\"summary_large_image\" \/>\n<meta name=\"twitter:label1\" content=\"Est. reading time\" \/>\n\t<meta name=\"twitter:data1\" content=\"2 minutes\" \/>\n<!-- \/ Yoast SEO plugin. -->","yoast_head_json":{"title":"Celenia's Story and Her Decision to Vaccinate Her Child","description":"Hear how Celenia made the vaccination decision for her daughter after doing her own research then sitting down with her daughter's doctor to discuss.","robots":{"index":"index","follow":"follow","max-snippet":"max-snippet:-1","max-image-preview":"max-image-preview:large","max-video-preview":"max-video-preview:-1"},"canonical":"https:\/\/www.whyvaccines.com\/es-us\/real-vaccination-stories\/celenia\/","og_locale":"en_US","og_type":"article","og_title":"Celenia's Story and Her Decision to Vaccinate Her Child","og_description":"Hear how Celenia made the vaccination decision for her daughter after doing her own research then sitting down with her daughter's doctor to discuss.","og_url":"https:\/\/www.whyvaccines.com\/es-us\/real-vaccination-stories\/celenia\/","og_site_name":"whyvaccines-hcc-es","article_modified_time":"2026-04-16T08:03:36+00:00","og_image":[{"width":1104,"height":621,"url":"https:\/\/www.whyvaccines.com\/es-us\/wp-content\/uploads\/sites\/367\/2024\/07\/card-2.png","type":"image\/png"}],"twitter_card":"summary_large_image","twitter_misc":{"Est. reading time":"2 minutes"},"schema":{"@context":"https:\/\/schema.org","@graph":[{"@type":"WebPage","@id":"https:\/\/www.whyvaccines.com\/es-us\/real-vaccination-stories\/celenia\/","url":"https:\/\/www.whyvaccines.com\/es-us\/real-vaccination-stories\/celenia\/","name":"Celenia's Story and Her Decision to Vaccinate Her Child","isPartOf":{"@id":"https:\/\/www.whyvaccines.com\/es-us\/#website"},"primaryImageOfPage":{"@id":"https:\/\/www.whyvaccines.com\/es-us\/real-vaccination-stories\/celenia\/#primaryimage"},"image":{"@id":"https:\/\/www.whyvaccines.com\/es-us\/real-vaccination-stories\/celenia\/#primaryimage"},"thumbnailUrl":"https:\/\/www.whyvaccines.com\/es-us\/wp-content\/uploads\/sites\/367\/2025\/05\/april-orange.webp","datePublished":"2023-08-07T10:58:36+00:00","dateModified":"2026-04-16T08:03:36+00:00","description":"Hear how Celenia made the vaccination decision for her daughter after doing her own research then sitting down with her daughter's doctor to discuss.","breadcrumb":{"@id":"https:\/\/www.whyvaccines.com\/es-us\/real-vaccination-stories\/celenia\/#breadcrumb"},"inLanguage":"en-US","potentialAction":[{"@type":"ReadAction","target":["https:\/\/www.whyvaccines.com\/es-us\/real-vaccination-stories\/celenia\/"]}]},{"@type":"ImageObject","inLanguage":"en-US","@id":"https:\/\/www.whyvaccines.com\/es-us\/real-vaccination-stories\/celenia\/#primaryimage","url":"https:\/\/www.whyvaccines.com\/es-us\/wp-content\/uploads\/sites\/367\/2025\/05\/april-orange.webp","contentUrl":"https:\/\/www.whyvaccines.com\/es-us\/wp-content\/uploads\/sites\/367\/2025\/05\/april-orange.webp","width":720,"height":405},{"@type":"BreadcrumbList","@id":"https:\/\/www.whyvaccines.com\/es-us\/real-vaccination-stories\/celenia\/#breadcrumb","itemListElement":[{"@type":"ListItem","position":1,"name":"Home","item":"https:\/\/www.whyvaccines.com\/es-us\/"},{"@type":"ListItem","position":2,"name":"Real moms with real stories","item":"https:\/\/www.whyvaccines.com\/es-us\/real-vaccination-stories\/"},{"@type":"ListItem","position":3,"name":"Celenia\u2019s vaccination story"}]},{"@type":"WebSite","@id":"https:\/\/www.whyvaccines.com\/es-us\/#website","url":"https:\/\/www.whyvaccines.com\/es-us\/","name":"whyvaccines-hcc-es","description":"Just another vip-msd.com site","potentialAction":[{"@type":"SearchAction","target":{"@type":"EntryPoint","urlTemplate":"https:\/\/www.whyvaccines.com\/es-us\/?s={search_term_string}"},"query-input":{"@type":"PropertyValueSpecification","valueRequired":true,"valueName":"search_term_string"}}],"inLanguage":"en-US"}]}},"acf":[],"_links":{"self":[{"href":"https:\/\/www.whyvaccines.com\/es-us\/wp-json\/wp\/v2\/pages\/338","targetHints":{"allow":["GET"]}}],"collection":[{"href":"https:\/\/www.whyvaccines.com\/es-us\/wp-json\/wp\/v2\/pages"}],"about":[{"href":"https:\/\/www.whyvaccines.com\/es-us\/wp-json\/wp\/v2\/types\/page"}],"author":[{"embeddable":true,"href":"https:\/\/www.whyvaccines.com\/es-us\/wp-json\/wp\/v2\/users\/666"}],"replies":[{"embeddable":true,"href":"https:\/\/www.whyvaccines.com\/es-us\/wp-json\/wp\/v2\/comments?post=338"}],"version-history":[{"count":90,"href":"https:\/\/www.whyvaccines.com\/es-us\/wp-json\/wp\/v2\/pages\/338\/revisions"}],"predecessor-version":[{"id":2537,"href":"https:\/\/www.whyvaccines.com\/es-us\/wp-json\/wp\/v2\/pages\/338\/revisions\/2537"}],"up":[{"embeddable":true,"href":"https:\/\/www.whyvaccines.com\/es-us\/wp-json\/wp\/v2\/pages\/334"}],"wp:attachment":[{"href":"https:\/\/www.whyvaccines.com\/es-us\/wp-json\/wp\/v2\/media?parent=338"}],"curies":[{"name":"wp","href":"https:\/\/api.w.org\/{rel}","templated":true}]}}