{"id":336,"date":"2023-08-07T10:57:34","date_gmt":"2023-08-07T10:57:34","guid":{"rendered":"https:\/\/www.whyvaccines.com\/es-us\/?page_id=336"},"modified":"2026-04-16T08:00:22","modified_gmt":"2026-04-16T08:00:22","slug":"april","status":"publish","type":"page","link":"https:\/\/www.whyvaccines.com\/es-us\/real-vaccination-stories\/april\/","title":{"rendered":"April\u2019s vaccination story"},"content":{"rendered":"<link rel='stylesheet' id='vivid360-row-module-css-css' href='https:\/\/www.whyvaccines.com\/es-us\/wp-content\/themes\/cex-wpvip-mhh-merck-vivid360-theme-1-12\/blocks\/row\/css\/style.min.css?ver=6.8.5' media='all' \/>\n\n<div style=\"border-width:0px;border-style:;border-radius:0;background-color: !important\" class=\"wp-block-vivid360-row vivid360-row hcp-wide-bg-width has-white-border-color has-white-background-color full-page-width\"><div class=\"cropped\" id=\"row5a31d6d6-84cb-4844-936f-aaf3dc8772cc\"><div style=\"padding-top:0px;padding-bottom:0px;padding-right:0px;padding-left:0px\" class=\"row-content wide-width hcp-wide-width\"><link rel='stylesheet' id='vivid360-spacer-css-css' href='https:\/\/www.whyvaccines.com\/es-us\/wp-content\/themes\/cex-wpvip-mhh-merck-vivid360-theme-1-12\/blocks\/spacer\/css\/style.min.css?ver=1764613072' media='all' \/>\n\n<div style=\"background-color:transparent;--desktop-spacer:54px;--tablet-spacer:42px;--mobile-spacer:42px\" class=\"wp-block-vivid360-spacer vivid360-spacer-desktop vivid360-spacer-tablet vivid360-spacer-mobile\"><\/div>\n\n\n<link rel='stylesheet' id='vivid360-heading-css-css' href='https:\/\/www.whyvaccines.com\/es-us\/wp-content\/themes\/cex-wpvip-mhh-merck-vivid360-theme-1-12\/blocks\/heading\/css\/style.min.css?ver=1764613072' media='all' \/>\n\n<div class=\"vivid360-heading default-hcp-fontsize default-hcp-tablet-fontsize default-hcp-mobile-fontsize\" id=\"a8512911b-360f-4c96-8919-03a60ddde38e\"><h1 class=\"has-primary-dark-color has-text-align-center content-width fontWeightRegular\" style=\"--desktopFontSize:var(--h1FontSizeDesktop);--tabletFontSize:var(--h1FontSizeDesktop);--mobileFontSize:var(--h1FontSizeMobile);--desktopLineHeightSize:var(--h1LineHeightDesktop);--tabletLineHeightSize:var(--h1LineHeightDesktop);--mobileLineHeightSize:;--tabletAlign:center;--mobileAlign:center\" id=\"\"><strong>La historia de April con las vacunas<\/strong><\/h1><\/div>\n\n\n<link rel='stylesheet' id='vivid360-video-module-css-css' href='https:\/\/www.whyvaccines.com\/es-us\/wp-content\/themes\/cex-wpvip-mhh-merck-vivid360-theme-1-12\/blocks\/video-module\/css\/style.min.css?ver=1765898918' media='all' \/>\n\n<div id=\"\" class=\"wp-block-vivid360-video-module vivid360-block-video-module video-module-center full-page-width\"><div class=\"video-wrapper\"><div data-tracking-video=\"6369380112112\" class=\"vivid360-block-video-module-video-content\"><div><video id=\"video-block\" data-design-category=\"Video\" data-account=\"1905768940001\" data-player=\"default\" data-embed=\"default\" controls data-video-id=\"6369380112112\" data-playlist-id=\"\" data-application-id=\"\" class=\"vjs-fluid video-js\" aria-labelledby=\"video_label\" aria-describedby=\"video_description\"><\/video><\/div><\/div><div id=\"video_label\" hidden>BrightCove Video<\/div><div id=\"video_description\" aria-live=\"polite\" role=\"caption\" hidden><\/div><figure class=\"text-align-left\"><figcaption><\/figcaption><\/figure><\/div><\/div>\n\n\n\n<div style=\"background-color:transparent;height:16px\" class=\"wp-block-vivid360-spacer vivid360-spacer spacer-16\"><\/div>\n\n\n\n<div class=\"paragraph-wrapper\"><div class=\"_dc25bc52-ff79-4707-82b2-889c655c7d10 \" id=\"\"><p class=\"has-text-align-center has-large-font-size\"><strong>Al final, seguimos adelante y vacunamos a todos nuestros ni\u00f1os seg\u00fan lo previsto. Quer\u00edamos poder protegerlos, y esto era lo mejor para nuestra familia.<\/strong><\/p><\/div><\/div>\n\n\n\n<div style=\"background-color:transparent;height:32px\" class=\"wp-block-vivid360-spacer vivid360-spacer spacer-32\"><\/div>\n\n\n\n<div class=\"wp-block-columns are-vertically-aligned-top mb-0 is-layout-flex wp-container-core-columns-is-layout-9d6595d7 wp-block-columns-is-layout-flex\">\n<div class=\"wp-block-column is-vertically-aligned-top is-layout-flow wp-block-column-is-layout-flow\">\n<div class=\"paragraph-wrapper\"><div class=\"_4c72915e-9930-439e-bb6b-f97fd8eeed35 \" id=\"\"><p class=\"has-medium-font-size\">A medida que crec\u00ed, vi a mis padres vivir la vida como reci\u00e9n llegados a este pa\u00eds. Los vi luchar contra las barreras del idioma y c\u00f3mo esto les imped\u00eda hacer todas las preguntas que hubieran querido.<\/p><\/div><\/div>\n\n\n\n<div style=\"background-color:transparent;height:16px\" class=\"wp-block-vivid360-spacer vivid360-spacer spacer-16\"><\/div>\n\n\n\n<div class=\"paragraph-wrapper\"><div class=\"_7a1b87af-b98c-4ea2-8279-c4864a82c52b \" id=\"\"><p class=\"has-medium-font-size\">Mis padres siempre quisieron lo mejor para m\u00ed, pero no puedo evitar preguntarme si alguna vez desearon tener m\u00e1s informaci\u00f3n sobre la salud.<\/p><\/div><\/div>\n\n\n\n<div style=\"background-color:transparent;height:16px\" class=\"wp-block-vivid360-spacer vivid360-spacer spacer-16\"><\/div>\n\n\n\n<div class=\"paragraph-wrapper\"><div class=\"_d05dec46-0137-4351-8c3d-729632162a6a \" id=\"\"><p class=\"has-medium-font-size\">Cuando tuve mis propios hijos, vacun\u00e9 a mis dos primeros hijos seg\u00fan el calendario recomendado. Yo era madre primeriza y segu\u00ed lo que me dijeron que hiciera.<\/p><\/div><\/div>\n\n\n\n<div style=\"background-color:transparent;height:16px\" class=\"wp-block-vivid360-spacer vivid360-spacer spacer-16\"><\/div>\n\n\n\n<div class=\"paragraph-wrapper\"><div class=\"_c66c4455-1db6-4890-a573-0ccf33c2d318 \" id=\"\"><p class=\"has-medium-font-size\">Pero, a lo largo de mi tercer embarazo, cambi\u00e9 de opini\u00f3n. Mi instinto maternal de investigar m\u00e1s a fondo me llev\u00f3 a buscar opiniones e historias sobre las vacunas de otras madres como yo que hab\u00edan pasado por eso antes. Ten\u00eda que tomar una decisi\u00f3n: \u00bfvacunarlos o no?<\/p><\/div><\/div>\n\n\n\n<div style=\"background-color:transparent;height:16px\" class=\"wp-block-vivid360-spacer vivid360-spacer spacer-16\"><\/div>\n\n\n\n<div class=\"paragraph-wrapper\"><div class=\"_d0277322-675d-4ece-96fb-b740a39b6366 \" id=\"\"><p class=\"has-medium-font-size\">Esta vez, estaba decidida a asumir un papel m\u00e1s activo. Me promet\u00ed a m\u00ed misma que siempre aprovechar\u00eda la oportunidad de tomar decisiones informadas, una oportunidad que mis padres tal vez no habr\u00edan tenido tan a menudo.<\/p><\/div><\/div>\n\n\n\n<div style=\"background-color:transparent;height:16px\" class=\"wp-block-vivid360-spacer vivid360-spacer spacer-16\"><\/div>\n\n\n\n<div class=\"paragraph-wrapper\"><div class=\"_e6d941bd-ab8a-4591-99cd-703764fb095c \" id=\"\"><p class=\"has-medium-font-size\">As\u00ed que mi esposo y yo conversamos mucho con el pediatra, y yo le compart\u00ed mis preguntas. Obtener respuestas a estas preguntas de un profesional de la salud en quien confiaba fue el primer paso para construir mi confianza en las vacunas.<\/p><\/div><\/div>\n<\/div>\n\n\n\n<div class=\"wp-block-column is-vertically-aligned-top is-layout-flow wp-block-column-is-layout-flow\">\n<div class=\"paragraph-wrapper\"><div class=\"_5d3a835c-f32e-408d-94e8-9be06e5d9b41 \" id=\"\"><p class=\"has-medium-font-size\">En esa \u00e9poca, cuando tuve estas conversaciones, tambi\u00e9n me enter\u00e9 de que dos personas que conoc\u00eda bastante bien ten\u00edan enfermedades que se pueden prevenir mediante vacunas.<\/p><\/div><\/div>\n\n\n\n<div style=\"background-color:transparent;height:16px\" class=\"wp-block-vivid360-spacer vivid360-spacer spacer-16\"><\/div>\n\n\n\n<div class=\"paragraph-wrapper\"><div class=\"_2bccb71f-b55d-45f0-bc65-3a21ec331c04 \" id=\"\"><p class=\"has-medium-font-size\">\u00bfC\u00f3mo pudo pasarles esto? El problema ya no era algo lejano, que ocurr\u00eda a kil\u00f3metros de mi zona de comodidad. Me afect\u00f3 de verdad.<\/p><\/div><\/div>\n\n\n\n<div style=\"background-color:transparent;height:8px\" class=\"wp-block-vivid360-spacer vivid360-spacer spacer-8\"><\/div>\n\n\n<link rel='stylesheet' id='vivid360-quote-css-css' href='https:\/\/www.whyvaccines.com\/es-us\/wp-content\/themes\/cex-wpvip-mhh-merck-vivid360-theme-1-12\/blocks\/quote\/css\/style.min.css?ver=1764613072' media='all' \/>\n\n<div id=\"\" class=\"wp-block-vivid360-quote has-text-align-left has-vertical-bar\"><blockquote><p class=\"quote-content\"><span class=\"vertical-bar\" style=\"background-color:#ff8a1e\"><\/span><span class=\"h2 fontWeightRegular\"><strong><mark style=\"background-color:rgba(0, 0, 0, 0);color:#333333\" class=\"has-inline-color\">\u201cDos personas que conoc\u00eda bastante bien ten\u00edan enfermedades que se pueden prevenir mediante vacunas. \u00bfC\u00f3mo pudo pasarles esto?\u201d<\/mark><\/strong><\/span><\/p><\/blockquote><\/div>\n\n\n\n<div style=\"background-color:transparent;height:8px\" class=\"wp-block-vivid360-spacer vivid360-spacer spacer-8\"><\/div>\n\n\n\n<div class=\"paragraph-wrapper\"><div class=\"_850fa972-03a9-4e57-a175-3c15446284e1 \" id=\"\"><p class=\"has-medium-font-size\">El verdadero impacto de las vacunas es el siguiente: las enfermedades todav\u00eda existen en el mundo, pero, cuando hacemos nuestra parte al vacunar, contribuimos juntos a combatirlas.<\/p><\/div><\/div>\n\n\n\n<div style=\"background-color:transparent;height:16px\" class=\"wp-block-vivid360-spacer vivid360-spacer spacer-16\"><\/div>\n\n\n\n<div class=\"paragraph-wrapper\"><div class=\"_867d87ec-025f-4002-b93b-6b3b3dbe07da \" id=\"\"><p class=\"has-medium-font-size\">Al final, vacunamos a todos nuestros hijos seg\u00fan el calendario recomendado. Quer\u00edamos ayudar a protegerlos, y esto era lo mejor para nuestra familia. Hasta el d\u00eda de hoy, no tenemos ning\u00fan arrepentimiento.<\/p><\/div><\/div>\n<\/div>\n<\/div>\n\n\n\n<div style=\"background-color:transparent;--desktop-spacer:40px;--tablet-spacer:40px;--mobile-spacer:40px\" class=\"wp-block-vivid360-spacer vivid360-spacer-desktop vivid360-spacer-tablet vivid360-spacer-mobile\"><\/div>\n\n\n\n<div class=\"vivid360-heading\" id=\"ad56905dd-727e-48b0-b55d-d95966238155\"><h2 class=\"content-width fontWeightRegular\" style=\"--desktopFontSize:24px;--tabletFontSize:20px;--mobileFontSize:20px;--desktopLineHeightSize:36px;--tabletLineHeightSize:30px;--mobileLineHeightSize:\" id=\"\"><strong>M\u00e1s Madres con historias reales<\/strong><\/h2><\/div>\n\n\n\n<div class=\"wp-block-columns ml-0 mb-0 is-layout-flex wp-container-core-columns-is-layout-9d6595d7 wp-block-columns-is-layout-flex\">\n<div class=\"wp-block-column ml-0 is-layout-flow wp-block-column-is-layout-flow\" style=\"flex-basis:33%\"><link rel='stylesheet' id='vivid360-card-css-css' href='https:\/\/www.whyvaccines.com\/es-us\/wp-content\/themes\/cex-wpvip-mhh-merck-vivid360-theme-1-12\/blocks\/card\/css\/style.min.css?ver=1776695804' media='all' \/>\n\n<div id=\"\" class=\"wp-block-vivid360-card a2df92cd9-119e-4a11-9450-2067623e636f vivid360-block-card has-text-align-left card-basic full-page-width mt-0 ml-0\" style=\"border-width:0px;border-style:;border-radius:0;color:#111 !important\"><div class=\"card-media \"><figure class=\"ratio-16-9\"><picture><source media=\"(max-width: 767px)\" data-srcset=\"https:\/\/www.whyvaccines.com\/es-us\/wp-content\/uploads\/sites\/367\/2025\/05\/celenia-orange.webp?w=767\"\/><source media=\"(min-width: 768px) and (max-width: 1440px)\" data-srcset=\"https:\/\/www.whyvaccines.com\/es-us\/wp-content\/uploads\/sites\/367\/2025\/05\/celenia-orange.webp?w=1440\"\/><img decoding=\"async\" width=\"720\" height=\"405\" data-src=\"https:\/\/www.whyvaccines.com\/es-us\/wp-content\/uploads\/sites\/367\/2025\/05\/celenia-orange.webp\" loading=\"lazy\" src=\"https:\/\/www.whyvaccines.com\/es-us\/wp-content\/uploads\/sites\/367\/2025\/05\/celenia-orange.webp\" alt=\"\"\/><\/picture><\/figure><\/div><div class=\"card-content\"><div class=\"card-content-wrap\"><div class=\"card-desc has-regular-font-size\">\n<p class=\"has-text-color has-medium-font-size\" style=\"color:#333333\"><strong>Celenia<\/strong><\/p>\n\n\n\n<p class=\"has-text-color has-link-color has-regular-font-size wp-elements-ea5db8b73dc58543b2f947821fa8ecdb\" style=\"color:#333333\">Esposa y madre, tecn\u00f3loga en resonancia magn\u00e9tica, viajera del mundo<\/p>\n\n\n\n<div style=\"background-color:transparent;height:16px\" class=\"wp-block-vivid360-spacer vivid360-spacer spacer-16\"><\/div>\n\n\n\n<div class=\"wp-block-vivid360-button-parent btn-block-container content-width button-justify-left\"><link rel='stylesheet' id='vivid360-button-block-css-css' href='https:\/\/www.whyvaccines.com\/es-us\/wp-content\/themes\/cex-wpvip-mhh-merck-vivid360-theme-1-12\/blocks\/button\/css\/style.min.css?ver=1765898918' media='all' \/>\n<link rel='stylesheet' id='vivid360-button-parent-block-css-css' href='https:\/\/www.whyvaccines.com\/es-us\/wp-content\/themes\/cex-wpvip-mhh-merck-vivid360-theme-1-12\/blocks\/button-parent\/css\/style.min.css?ver=6.8.5' media='all' \/>\n\n<div class=\"vivid360-button-block fullWidth-mobile\"><a class=\"btn primary primary-regular has-primary-dark-border-color has-primary-dark-background-color\" role=\"button\" style=\"font-size:14px;letter-spacing:0.86px;border-radius:4px;border-style:solid;justify-content:center;text-align:center;width:100%\" href=\"https:\/\/www.whyvaccines.com\/es-us\/real-vaccination-stories\/celenia\/\" title=\"Por qu\u00e9 Celenia eligi\u00f3 la vacunaci\u00f3n\" target=\"_self\" rel=\"noopener\" data-design-category=\"button\" data-design-label=\"Por qu\u00e9 Celenia eligi\u00f3 la vacunaci\u00f3n\" data-design-module=\"element\" data-event-name=\"element_click\">Por qu\u00e9 Celenia eligi\u00f3 la vacunaci\u00f3n<\/a><\/div>\n<\/div>\n<\/div><\/div><\/div><\/div>\n<\/div>\n\n\n\n<div class=\"wp-block-column is-layout-flow wp-block-column-is-layout-flow\"><\/div>\n\n\n\n<div class=\"wp-block-column is-layout-flow wp-block-column-is-layout-flow\"><\/div>\n<\/div>\n<\/div><\/div><\/div>\n\n\n\n<div style=\"background-color:transparent;--desktop-spacer:40px;--tablet-spacer:0px;--mobile-spacer:0px\" class=\"wp-block-vivid360-spacer vivid360-spacer-desktop vivid360-spacer-tablet vivid360-spacer-mobile\"><\/div>\n","protected":false},"excerpt":{"rendered":"","protected":false},"author":666,"featured_media":0,"parent":334,"menu_order":0,"comment_status":"closed","ping_status":"closed","template":"","meta":{"_acf_changed":false,"_trash_the_other_posts":false,"editor_notices":[],"footnotes":""},"class_list":["post-336","page","type-page","status-publish"],"yoast_head":"<!-- This site is optimized with the Yoast SEO plugin v27.4 - https:\/\/yoast.com\/product\/yoast-seo-wordpress\/ -->\n<title>April&#039;s Story and Her Decision to Vaccinate Her Children<\/title>\n<meta name=\"description\" content=\"Learn more about April&#039;s vaccination decision for each of her children and why it was the best choice for her family.\" \/>\n<meta name=\"robots\" content=\"index, follow, max-snippet:-1, max-image-preview:large, max-video-preview:-1\" \/>\n<link rel=\"canonical\" href=\"https:\/\/www.whyvaccines.com\/es-us\/real-vaccination-stories\/april\/\" \/>\n<meta property=\"og:locale\" content=\"en_US\" \/>\n<meta property=\"og:type\" content=\"article\" \/>\n<meta property=\"og:title\" content=\"April&#039;s Story and Her Decision to Vaccinate Her Children\" \/>\n<meta property=\"og:description\" content=\"Learn more about April&#039;s vaccination decision for each of her children and why it was the best choice for her family.\" \/>\n<meta property=\"og:url\" content=\"https:\/\/www.whyvaccines.com\/es-us\/real-vaccination-stories\/april\/\" \/>\n<meta property=\"og:site_name\" content=\"whyvaccines-hcc-es\" \/>\n<meta property=\"article:modified_time\" content=\"2026-04-16T08:00:22+00:00\" \/>\n<meta property=\"og:image\" content=\"https:\/\/www.whyvaccines.com\/es-us\/wp-content\/uploads\/sites\/367\/2024\/07\/Cards.png\" \/>\n\t<meta property=\"og:image:width\" content=\"552\" \/>\n\t<meta property=\"og:image:height\" content=\"311\" \/>\n\t<meta property=\"og:image:type\" content=\"image\/png\" \/>\n<meta name=\"twitter:card\" content=\"summary_large_image\" \/>\n<meta name=\"twitter:label1\" content=\"Est. reading time\" \/>\n\t<meta name=\"twitter:data1\" content=\"2 minutes\" \/>\n<!-- \/ Yoast SEO plugin. -->","yoast_head_json":{"title":"April's Story and Her Decision to Vaccinate Her Children","description":"Learn more about April's vaccination decision for each of her children and why it was the best choice for her family.","robots":{"index":"index","follow":"follow","max-snippet":"max-snippet:-1","max-image-preview":"max-image-preview:large","max-video-preview":"max-video-preview:-1"},"canonical":"https:\/\/www.whyvaccines.com\/es-us\/real-vaccination-stories\/april\/","og_locale":"en_US","og_type":"article","og_title":"April's Story and Her Decision to Vaccinate Her Children","og_description":"Learn more about April's vaccination decision for each of her children and why it was the best choice for her family.","og_url":"https:\/\/www.whyvaccines.com\/es-us\/real-vaccination-stories\/april\/","og_site_name":"whyvaccines-hcc-es","article_modified_time":"2026-04-16T08:00:22+00:00","og_image":[{"width":552,"height":311,"url":"https:\/\/www.whyvaccines.com\/es-us\/wp-content\/uploads\/sites\/367\/2024\/07\/Cards.png","type":"image\/png"}],"twitter_card":"summary_large_image","twitter_misc":{"Est. reading time":"2 minutes"},"schema":{"@context":"https:\/\/schema.org","@graph":[{"@type":"WebPage","@id":"https:\/\/www.whyvaccines.com\/es-us\/real-vaccination-stories\/april\/","url":"https:\/\/www.whyvaccines.com\/es-us\/real-vaccination-stories\/april\/","name":"April's Story and Her Decision to Vaccinate Her Children","isPartOf":{"@id":"https:\/\/www.whyvaccines.com\/es-us\/#website"},"primaryImageOfPage":{"@id":"https:\/\/www.whyvaccines.com\/es-us\/real-vaccination-stories\/april\/#primaryimage"},"image":{"@id":"https:\/\/www.whyvaccines.com\/es-us\/real-vaccination-stories\/april\/#primaryimage"},"thumbnailUrl":"https:\/\/www.whyvaccines.com\/es-us\/wp-content\/uploads\/sites\/367\/2025\/05\/celenia-orange.webp","datePublished":"2023-08-07T10:57:34+00:00","dateModified":"2026-04-16T08:00:22+00:00","description":"Learn more about April's vaccination decision for each of her children and why it was the best choice for her family.","breadcrumb":{"@id":"https:\/\/www.whyvaccines.com\/es-us\/real-vaccination-stories\/april\/#breadcrumb"},"inLanguage":"en-US","potentialAction":[{"@type":"ReadAction","target":["https:\/\/www.whyvaccines.com\/es-us\/real-vaccination-stories\/april\/"]}]},{"@type":"ImageObject","inLanguage":"en-US","@id":"https:\/\/www.whyvaccines.com\/es-us\/real-vaccination-stories\/april\/#primaryimage","url":"https:\/\/www.whyvaccines.com\/es-us\/wp-content\/uploads\/sites\/367\/2025\/05\/celenia-orange.webp","contentUrl":"https:\/\/www.whyvaccines.com\/es-us\/wp-content\/uploads\/sites\/367\/2025\/05\/celenia-orange.webp","width":720,"height":405},{"@type":"BreadcrumbList","@id":"https:\/\/www.whyvaccines.com\/es-us\/real-vaccination-stories\/april\/#breadcrumb","itemListElement":[{"@type":"ListItem","position":1,"name":"Home","item":"https:\/\/www.whyvaccines.com\/es-us\/"},{"@type":"ListItem","position":2,"name":"Real moms with real stories","item":"https:\/\/www.whyvaccines.com\/es-us\/real-vaccination-stories\/"},{"@type":"ListItem","position":3,"name":"April\u2019s vaccination story"}]},{"@type":"WebSite","@id":"https:\/\/www.whyvaccines.com\/es-us\/#website","url":"https:\/\/www.whyvaccines.com\/es-us\/","name":"whyvaccines-hcc-es","description":"Just another vip-msd.com site","potentialAction":[{"@type":"SearchAction","target":{"@type":"EntryPoint","urlTemplate":"https:\/\/www.whyvaccines.com\/es-us\/?s={search_term_string}"},"query-input":{"@type":"PropertyValueSpecification","valueRequired":true,"valueName":"search_term_string"}}],"inLanguage":"en-US"}]}},"acf":[],"_links":{"self":[{"href":"https:\/\/www.whyvaccines.com\/es-us\/wp-json\/wp\/v2\/pages\/336","targetHints":{"allow":["GET"]}}],"collection":[{"href":"https:\/\/www.whyvaccines.com\/es-us\/wp-json\/wp\/v2\/pages"}],"about":[{"href":"https:\/\/www.whyvaccines.com\/es-us\/wp-json\/wp\/v2\/types\/page"}],"author":[{"embeddable":true,"href":"https:\/\/www.whyvaccines.com\/es-us\/wp-json\/wp\/v2\/users\/666"}],"replies":[{"embeddable":true,"href":"https:\/\/www.whyvaccines.com\/es-us\/wp-json\/wp\/v2\/comments?post=336"}],"version-history":[{"count":132,"href":"https:\/\/www.whyvaccines.com\/es-us\/wp-json\/wp\/v2\/pages\/336\/revisions"}],"predecessor-version":[{"id":2535,"href":"https:\/\/www.whyvaccines.com\/es-us\/wp-json\/wp\/v2\/pages\/336\/revisions\/2535"}],"up":[{"embeddable":true,"href":"https:\/\/www.whyvaccines.com\/es-us\/wp-json\/wp\/v2\/pages\/334"}],"wp:attachment":[{"href":"https:\/\/www.whyvaccines.com\/es-us\/wp-json\/wp\/v2\/media?parent=336"}],"curies":[{"name":"wp","href":"https:\/\/api.w.org\/{rel}","templated":true}]}}