{"id":334,"date":"2023-08-07T10:55:46","date_gmt":"2023-08-07T10:55:46","guid":{"rendered":"https:\/\/www.whyvaccines.com\/es-us\/?page_id=334"},"modified":"2026-04-16T07:56:21","modified_gmt":"2026-04-16T07:56:21","slug":"real-vaccination-stories","status":"publish","type":"page","link":"https:\/\/www.whyvaccines.com\/es-us\/real-vaccination-stories\/","title":{"rendered":"Real moms with real stories"},"content":{"rendered":"<link rel='stylesheet' id='vivid360-row-module-css-css' href='https:\/\/www.whyvaccines.com\/es-us\/wp-content\/themes\/cex-wpvip-mhh-merck-vivid360-theme-1-12\/blocks\/row\/css\/style.min.css?ver=6.8.5' media='all' \/>\n\n<div style=\"border-width:0px;border-style:;border-radius:0;background-color: !important\" class=\"wp-block-vivid360-row vivid360-row hcp-wide-bg-width has-white-background-color full-page-width\"><div class=\"cropped\" id=\"rowa0c002a4-2a4e-4c91-9d93-50569d1e73de\"><div style=\"padding-top:0px;padding-bottom:0px;padding-right:0px;padding-left:0px\" class=\"row-content wide-width hcp-wide-width\"><link rel='stylesheet' id='vivid360-spacer-css-css' href='https:\/\/www.whyvaccines.com\/es-us\/wp-content\/themes\/cex-wpvip-mhh-merck-vivid360-theme-1-12\/blocks\/spacer\/css\/style.min.css?ver=1765535928' media='all' \/>\n\n<div style=\"background-color:transparent;height:16px\" class=\"wp-block-vivid360-spacer vivid360-spacer spacer-16\"><\/div>\n\n\n\n<div class=\"wp-block-columns are-vertically-aligned-top mb-0 is-layout-flex wp-container-core-columns-is-layout-9d6595d7 wp-block-columns-is-layout-flex\">\n<div class=\"wp-block-column is-vertically-aligned-top is-layout-flow wp-block-column-is-layout-flow\" style=\"flex-basis:20%\"><\/div>\n\n\n\n<div class=\"wp-block-column is-vertically-aligned-top is-layout-flow wp-block-column-is-layout-flow\" style=\"flex-basis:60%\"><link rel='stylesheet' id='vivid360-heading-css-css' href='https:\/\/www.whyvaccines.com\/es-us\/wp-content\/themes\/cex-wpvip-mhh-merck-vivid360-theme-1-12\/blocks\/heading\/css\/style.min.css?ver=1765535927' media='all' \/>\n\n<div class=\"vivid360-heading default-hcp-fontsize default-hcp-tablet-fontsize default-hcp-mobile-fontsize\" id=\"ab9a2bc41-33a6-40a9-90ab-4484adf6f1ad\"><h1 class=\"has-primary-dark-color has-text-align-center content-width fontWeightRegular\" style=\"--desktopFontSize:var(--h1FontSizeDesktop);--tabletFontSize:var(--h1FontSizeDesktop);--mobileFontSize:var(--h1FontSizeMobile);--desktopLineHeightSize:var(--h1LineHeightDesktop);--tabletLineHeightSize:var(--h1LineHeightDesktop);--mobileLineHeightSize:;--tabletAlign:center;--mobileAlign:center\" id=\"\"><strong>Conozca lo que estas mam\u00e1s dijeron sobre su experiencia con la vacunaci\u00f3n<\/strong><\/h1><\/div>\n\n\n\n<p class=\"has-text-align-center has-large-font-size\">Como madre, siempre desea hacer lo mejor para su hijo. Pero es posible que tenga preguntas y no sepa a qui\u00e9n acudir en busca de respuestas. No todos tienen la misma historia. Conozca c\u00f3mo y por qu\u00e9 muchas madres, como April y Celenia, se sienten seguras de su decisi\u00f3n de vacunar a sus hijos.<\/p>\n\n\n\n<div style=\"background-color:transparent;height:32px\" class=\"wp-block-vivid360-spacer vivid360-spacer spacer-32\"><\/div>\n<\/div>\n\n\n\n<div class=\"wp-block-column is-vertically-aligned-top is-layout-flow wp-block-column-is-layout-flow\" style=\"flex-basis:20%\"><\/div>\n<\/div>\n<\/div><\/div><\/div>\n\n\n\n<div style=\"border-width:0px;border-style:;border-radius:0;background-color: !important\" class=\"wp-block-vivid360-row vivid360-row hcp-wide-bg-width has-white-background-color full-page-width\"><div class=\"cropped\" id=\"row84868e85-f531-4b74-abb7-8d79d2037d86\"><div style=\"padding-top:0px;padding-bottom:0px;padding-right:0px;padding-left:0px\" class=\"row-content wide-width hcp-wide-width\">\n<div class=\"wp-block-columns are-vertically-aligned-top mb-0 is-layout-flex wp-container-core-columns-is-layout-9d6595d7 wp-block-columns-is-layout-flex\">\n<div class=\"wp-block-column is-vertically-aligned-top is-layout-flow wp-block-column-is-layout-flow\"><link rel='stylesheet' id='vivid360-video-module-css-css' href='https:\/\/www.whyvaccines.com\/es-us\/wp-content\/themes\/cex-wpvip-mhh-merck-vivid360-theme-1-12\/blocks\/video-module\/css\/style.min.css?ver=1765535928' media='all' \/>\n\n<div id=\"\" class=\"wp-block-vivid360-video-module vivid360-block-video-module mr-0 ml-0 video-module-center full-page-width\"><div class=\"video-wrapper\"><div data-tracking-video=\"6369380112112\" class=\"vivid360-block-video-module-video-content\"><div><video id=\"video-block\" data-design-category=\"Video\" data-account=\"1905768940001\" data-player=\"default\" data-embed=\"default\" controls data-video-id=\"6369380112112\" data-playlist-id=\"\" data-application-id=\"\" class=\"vjs-fluid video-js\" aria-labelledby=\"video_label\" aria-describedby=\"video_description\"><\/video><\/div><\/div><div id=\"video_label\" hidden>BrightCove Video<\/div><div id=\"video_description\" aria-live=\"polite\" role=\"caption\" hidden><\/div><figure class=\"text-align-left\"><figcaption><\/figcaption><\/figure><\/div><\/div>\n\n\n\n<div style=\"background-color:transparent;height:8px\" class=\"wp-block-vivid360-spacer vivid360-spacer spacer-8\"><\/div>\n\n\n\n<div class=\"paragraph-wrapper\"><div class=\"_b4ba9044-5785-42b7-9ba3-991a19a2fbb8 \" id=\"\"><p class=\"has-small-font-size\"><strong>April<\/strong><\/p><\/div><\/div>\n\n\n\n<div class=\"paragraph-wrapper\"><div class=\"_47ac58a3-72fe-41e7-a969-2efa3341c044 \" id=\"\"><p class=\"has-small-font-size\">Esposa y madre de 3 hijos, gerente de oficina que hace todo, amante de la m\u00fasica<\/p><\/div><\/div>\n\n\n\n<div style=\"background-color:transparent;--desktop-spacer:28px;--tablet-spacer:20px;--mobile-spacer:20px\" class=\"wp-block-vivid360-spacer vivid360-spacer-desktop vivid360-spacer-tablet vivid360-spacer-mobile\"><\/div>\n\n\n\n<div class=\"vivid360-heading\" id=\"aa119afe1-f62e-48b9-b41f-728776f73ae2\"><h2 class=\"has-black-color content-width fontWeightRegular\" style=\"--desktopFontSize:24px;--tabletFontSize:20px;--mobileFontSize:20px;--desktopLineHeightSize:36px;--tabletLineHeightSize:30px;--mobileLineHeightSize:\" id=\"\"><strong>La historia de April con las vacunas<\/strong><\/h2><\/div>\n\n\n\n<div style=\"background-color:transparent;height:8px\" class=\"wp-block-vivid360-spacer vivid360-spacer spacer-8\"><\/div>\n\n\n\n<div class=\"paragraph-wrapper\"><div class=\"_0d136040-3091-4258-8820-d63c764460a5 \" id=\"\"><p class=\"has-black-color has-text-color has-medium-font-size\">A medida que crec\u00ed, vi a mis padres vivir la vida como reci\u00e9n llegados a este pa\u00eds. Los vi luchar contra las barreras del idioma y c\u00f3mo esto les imped\u00eda hacer todas las preguntas que hubieran querido.<\/p><\/div><\/div>\n\n\n\n<div style=\"background-color:transparent;height:16px\" class=\"wp-block-vivid360-spacer vivid360-spacer spacer-16\"><\/div>\n\n\n\n<div class=\"paragraph-wrapper\"><div class=\"_5c9f3ec3-0c58-4f4c-b8b6-745ca0a64fbe \" id=\"\"><p class=\"has-black-color has-text-color has-medium-font-size\">Mis padres siempre quisieron lo mejor para m\u00ed, pero no puedo evitar preguntarme si alguna vez desearon tener m\u00e1s informaci\u00f3n sobre la salud.<\/p><\/div><\/div>\n\n\n\n<div style=\"background-color:transparent;height:16px\" class=\"wp-block-vivid360-spacer vivid360-spacer spacer-16\"><\/div>\n\n\n\n<div class=\"paragraph-wrapper\"><div class=\"_4aea0e01-3b6d-4597-882f-7e212640723f \" id=\"\"><p class=\"has-black-color has-text-color has-medium-font-size\">Cuando tuve mis propios hijos, vacun\u00e9 a mis dos primeros hijos seg\u00fan el calendario recomendado. Yo era madre primeriza y segu\u00ed lo que me dijeron que hiciera. Pero, a lo largo de mi tercer embarazo\u2026<\/p><\/div><\/div>\n\n\n\n<div style=\"background-color:transparent;--desktop-spacer:16px;--tablet-spacer:16px;--mobile-spacer:16px\" class=\"wp-block-vivid360-spacer vivid360-spacer-desktop vivid360-spacer-tablet vivid360-spacer-mobile\"><\/div>\n\n\n\n<div class=\"wp-block-vivid360-button-parent btn-block-container content-width button-justify-left\"><link rel='stylesheet' id='vivid360-button-block-css-css' href='https:\/\/www.whyvaccines.com\/es-us\/wp-content\/themes\/cex-wpvip-mhh-merck-vivid360-theme-1-12\/blocks\/button\/css\/style.min.css?ver=1765535927' media='all' \/>\n<link rel='stylesheet' id='vivid360-button-parent-block-css-css' href='https:\/\/www.whyvaccines.com\/es-us\/wp-content\/themes\/cex-wpvip-mhh-merck-vivid360-theme-1-12\/blocks\/button-parent\/css\/style.min.css?ver=6.8.5' media='all' \/>\n\n<div class=\"vivid360-button-block fullWidth-mobile\"><a class=\"btn primary primary-large has-primary-dark-border-color has-primary-dark-background-color\" role=\"button\" style=\"font-size:14px;letter-spacing:0.86px;border-radius:4px;border-style:solid;justify-content:center;text-align:center;width:100%\" href=\"https:\/\/www.whyvaccines.com\/es-us\/real-vaccination-stories\/april\/\" title=\"Por qu\u00e9 April eligi\u00f3 la vacunaci\u00f3n\" target=\"_self\" rel=\"noopener\" data-design-category=\"button\" data-design-label=\"Por qu\u00e9 April eligi\u00f3 la vacunaci\u00f3n\" data-design-module=\"element\" data-event-name=\"element_click\">Por qu\u00e9 April eligi\u00f3 la vacunaci\u00f3n<\/a><\/div>\n<\/div>\n\n\n\n<div style=\"background-color:transparent;--desktop-spacer:48px;--tablet-spacer:48px;--mobile-spacer:48px\" class=\"wp-block-vivid360-spacer vivid360-spacer-desktop vivid360-spacer-tablet vivid360-spacer-mobile\"><\/div>\n<\/div>\n\n\n\n<div class=\"wp-block-column is-vertically-aligned-top is-layout-flow wp-block-column-is-layout-flow\">\n<div id=\"\" class=\"wp-block-vivid360-video-module vivid360-block-video-module mr-0 ml-0 video-module-center full-page-width\"><div class=\"video-wrapper\"><div data-tracking-video=\"6369379931112\" class=\"vivid360-block-video-module-video-content\"><div><video id=\"video-block\" data-design-category=\"Video\" data-account=\"1905768940001\" data-player=\"default\" data-embed=\"default\" controls data-video-id=\"6369379931112\" data-playlist-id=\"\" data-application-id=\"\" class=\"vjs-fluid video-js\" aria-labelledby=\"video_label\" aria-describedby=\"video_description\"><\/video><\/div><\/div><div id=\"video_label\" hidden>BrightCove Video<\/div><div id=\"video_description\" aria-live=\"polite\" role=\"caption\" hidden><\/div><figure class=\"text-align-left\"><figcaption><\/figcaption><\/figure><\/div><\/div>\n\n\n\n<div style=\"background-color:transparent;height:8px\" class=\"wp-block-vivid360-spacer vivid360-spacer spacer-8\"><\/div>\n\n\n\n<div class=\"paragraph-wrapper\"><div class=\"_10de7d97-5d8a-4f7d-9c84-780e0b1a51cf \" id=\"\"><p class=\"has-small-font-size\"><strong>Celenia<\/strong><\/p><\/div><\/div>\n\n\n\n<div class=\"paragraph-wrapper\"><div class=\"_1fc9c09f-cabf-4f64-9e5c-0dc72c7e2baf \" id=\"\"><p class=\"has-small-font-size\">Esposa y madre, tecn\u00f3loga en resonancia magn\u00e9tica, viajera del mundo<\/p><\/div><\/div>\n\n\n\n<div style=\"background-color:transparent;--desktop-spacer:28px;--tablet-spacer:20px;--mobile-spacer:20px\" class=\"wp-block-vivid360-spacer vivid360-spacer-desktop vivid360-spacer-tablet vivid360-spacer-mobile\"><\/div>\n\n\n\n<div class=\"vivid360-heading\" id=\"a55c8eea1-9551-4652-94fc-352379c2c582\"><h2 class=\"has-black-color content-width fontWeightRegular\" style=\"--desktopFontSize:24px;--tabletFontSize:20px;--mobileFontSize:20px;--desktopLineHeightSize:36px;--tabletLineHeightSize:30px;--mobileLineHeightSize:\" id=\"\"><strong>La historia de Celenia con las vacunas<\/strong><\/h2><\/div>\n\n\n\n<div style=\"background-color:transparent;height:8px\" class=\"wp-block-vivid360-spacer vivid360-spacer spacer-8\"><\/div>\n\n\n\n<div class=\"paragraph-wrapper\"><div class=\"_48635861-2819-4dda-9502-3c6a9d7c1e69 \" id=\"\"><p class=\"has-black-color has-text-color has-medium-font-size\">Cuando naci\u00f3 mi hija, todo cambi\u00f3. Como madre, solo quer\u00eda asegurarme de que estaba haciendo lo mejor para ella.<\/p><\/div><\/div>\n\n\n\n<div style=\"background-color:transparent;height:16px\" class=\"wp-block-vivid360-spacer vivid360-spacer spacer-16\"><\/div>\n\n\n\n<div class=\"paragraph-wrapper\"><div class=\"_2feeefbb-8654-47df-aa01-ff61ecbd3b4e \" id=\"\"><p class=\"has-black-color has-text-color has-medium-font-size\">Hab\u00eda muchas decisiones que tomar por ella y mucha informaci\u00f3n que analizar, en especial sobre las vacunas.<\/p><\/div><\/div>\n\n\n\n<div style=\"background-color:transparent;height:16px\" class=\"wp-block-vivid360-spacer vivid360-spacer spacer-16\"><\/div>\n\n\n\n<div class=\"paragraph-wrapper\"><div class=\"_6240e45a-8ff2-4c39-a158-e82d255bc8a7 \" id=\"\"><p class=\"has-black-color has-text-color has-medium-font-size\">Y, despu\u00e9s de escuchar diferentes opiniones e historias de amigos, familiares, colegas y otros padres, ten\u00eda algunas dudas sobre la posible vacunaci\u00f3n de mi hija.<\/p><\/div><\/div>\n\n\n\n<div style=\"background-color:transparent;height:16px\" class=\"wp-block-vivid360-spacer vivid360-spacer spacer-16\"><\/div>\n\n\n\n<div class=\"paragraph-wrapper\"><div class=\"_013a64a7-6532-49f6-8551-9793982a64fc \" id=\"\"><p class=\"has-black-color has-text-color has-medium-font-size\">\u00bfCu\u00e1les son los efectos secundarios inmediatos de las vacunas? \u00bfQu\u00e9 pasa si le doy una vacuna a mi hija y tiene efectos secundarios m\u00e1s adelante en la vida?<\/p><\/div><\/div>\n\n\n\n<div style=\"background-color:transparent;--desktop-spacer:16px;--mobile-spacer:16px;--tablet-spacer:16px\" class=\"wp-block-vivid360-spacer vivid360-spacer-desktop vivid360-spacer-mobile vivid360-spacer-tablet\"><\/div>\n\n\n\n<div class=\"wp-block-vivid360-button-parent btn-block-container content-width button-justify-left\">\n<div class=\"vivid360-button-block fullWidth-mobile\"><a class=\"btn primary primary-large has-primary-dark-border-color has-primary-dark-background-color\" role=\"button\" style=\"font-size:14px;letter-spacing:0.86px;border-radius:4px;border-style:solid;justify-content:center;text-align:center;width:100%\" href=\"https:\/\/www.whyvaccines.com\/es-us\/real-vaccination-stories\/celenia\/\" title=\"Por qu\u00e9 Celenia eligi\u00f3 la vacunaci\u00f3n\" target=\"_self\" rel=\"noopener\" data-design-category=\"button\" data-design-label=\"Por qu\u00e9 Celenia eligi\u00f3 la vacunaci\u00f3n\" data-design-module=\"element\" data-event-name=\"element_click\">Por qu\u00e9 Celenia eligi\u00f3 la vacunaci\u00f3n<\/a><\/div>\n<\/div>\n<\/div>\n<\/div>\n\n\n\n<div style=\"background-color:transparent;--desktop-spacer:45px;--tablet-spacer:45px;--mobile-spacer:45px\" class=\"wp-block-vivid360-spacer vivid360-spacer-desktop vivid360-spacer-tablet vivid360-spacer-mobile\"><\/div>\n<\/div><\/div><\/div>\n","protected":false},"excerpt":{"rendered":"","protected":false},"author":666,"featured_media":0,"parent":0,"menu_order":0,"comment_status":"closed","ping_status":"closed","template":"","meta":{"_acf_changed":false,"_trash_the_other_posts":false,"editor_notices":[],"footnotes":""},"class_list":["post-334","page","type-page","status-publish"],"yoast_head":"<!-- This site is optimized with the Yoast SEO plugin v27.4 - https:\/\/yoast.com\/product\/yoast-seo-wordpress\/ -->\n<title>Real Stories From Moms On Their Vaccination Decision for Their Child<\/title>\n<meta name=\"description\" content=\"Hear real stories from two moms about their vaccination decisions for their children and why they chose to vaccinate.\" \/>\n<meta name=\"robots\" content=\"index, follow, max-snippet:-1, max-image-preview:large, max-video-preview:-1\" \/>\n<link rel=\"canonical\" href=\"https:\/\/www.whyvaccines.com\/es-us\/real-vaccination-stories\/\" \/>\n<meta property=\"og:locale\" content=\"en_US\" \/>\n<meta property=\"og:type\" content=\"article\" \/>\n<meta property=\"og:title\" content=\"Real Stories From Moms On Their Vaccination Decision for Their Child\" \/>\n<meta property=\"og:description\" content=\"Hear real stories from two moms about their vaccination decisions for their children and why they chose to vaccinate.\" \/>\n<meta property=\"og:url\" content=\"https:\/\/www.whyvaccines.com\/es-us\/real-vaccination-stories\/\" \/>\n<meta property=\"og:site_name\" content=\"whyvaccines-hcc-es\" \/>\n<meta property=\"article:modified_time\" content=\"2026-04-16T07:56:21+00:00\" \/>\n<meta name=\"twitter:card\" content=\"summary_large_image\" \/>\n<meta name=\"twitter:label1\" content=\"Est. reading time\" \/>\n\t<meta name=\"twitter:data1\" content=\"2 minutes\" \/>\n<!-- \/ Yoast SEO plugin. -->","yoast_head_json":{"title":"Real Stories From Moms On Their Vaccination Decision for Their Child","description":"Hear real stories from two moms about their vaccination decisions for their children and why they chose to vaccinate.","robots":{"index":"index","follow":"follow","max-snippet":"max-snippet:-1","max-image-preview":"max-image-preview:large","max-video-preview":"max-video-preview:-1"},"canonical":"https:\/\/www.whyvaccines.com\/es-us\/real-vaccination-stories\/","og_locale":"en_US","og_type":"article","og_title":"Real Stories From Moms On Their Vaccination Decision for Their Child","og_description":"Hear real stories from two moms about their vaccination decisions for their children and why they chose to vaccinate.","og_url":"https:\/\/www.whyvaccines.com\/es-us\/real-vaccination-stories\/","og_site_name":"whyvaccines-hcc-es","article_modified_time":"2026-04-16T07:56:21+00:00","twitter_card":"summary_large_image","twitter_misc":{"Est. reading time":"2 minutes"},"schema":{"@context":"https:\/\/schema.org","@graph":[{"@type":"WebPage","@id":"https:\/\/www.whyvaccines.com\/es-us\/real-vaccination-stories\/","url":"https:\/\/www.whyvaccines.com\/es-us\/real-vaccination-stories\/","name":"Real Stories From Moms On Their Vaccination Decision for Their Child","isPartOf":{"@id":"https:\/\/www.whyvaccines.com\/es-us\/#website"},"datePublished":"2023-08-07T10:55:46+00:00","dateModified":"2026-04-16T07:56:21+00:00","description":"Hear real stories from two moms about their vaccination decisions for their children and why they chose to vaccinate.","breadcrumb":{"@id":"https:\/\/www.whyvaccines.com\/es-us\/real-vaccination-stories\/#breadcrumb"},"inLanguage":"en-US","potentialAction":[{"@type":"ReadAction","target":["https:\/\/www.whyvaccines.com\/es-us\/real-vaccination-stories\/"]}]},{"@type":"BreadcrumbList","@id":"https:\/\/www.whyvaccines.com\/es-us\/real-vaccination-stories\/#breadcrumb","itemListElement":[{"@type":"ListItem","position":1,"name":"Home","item":"https:\/\/www.whyvaccines.com\/es-us\/"},{"@type":"ListItem","position":2,"name":"Real moms with real stories"}]},{"@type":"WebSite","@id":"https:\/\/www.whyvaccines.com\/es-us\/#website","url":"https:\/\/www.whyvaccines.com\/es-us\/","name":"whyvaccines-hcc-es","description":"Just another vip-msd.com site","potentialAction":[{"@type":"SearchAction","target":{"@type":"EntryPoint","urlTemplate":"https:\/\/www.whyvaccines.com\/es-us\/?s={search_term_string}"},"query-input":{"@type":"PropertyValueSpecification","valueRequired":true,"valueName":"search_term_string"}}],"inLanguage":"en-US"}]}},"acf":[],"_links":{"self":[{"href":"https:\/\/www.whyvaccines.com\/es-us\/wp-json\/wp\/v2\/pages\/334","targetHints":{"allow":["GET"]}}],"collection":[{"href":"https:\/\/www.whyvaccines.com\/es-us\/wp-json\/wp\/v2\/pages"}],"about":[{"href":"https:\/\/www.whyvaccines.com\/es-us\/wp-json\/wp\/v2\/types\/page"}],"author":[{"embeddable":true,"href":"https:\/\/www.whyvaccines.com\/es-us\/wp-json\/wp\/v2\/users\/666"}],"replies":[{"embeddable":true,"href":"https:\/\/www.whyvaccines.com\/es-us\/wp-json\/wp\/v2\/comments?post=334"}],"version-history":[{"count":116,"href":"https:\/\/www.whyvaccines.com\/es-us\/wp-json\/wp\/v2\/pages\/334\/revisions"}],"predecessor-version":[{"id":2533,"href":"https:\/\/www.whyvaccines.com\/es-us\/wp-json\/wp\/v2\/pages\/334\/revisions\/2533"}],"wp:attachment":[{"href":"https:\/\/www.whyvaccines.com\/es-us\/wp-json\/wp\/v2\/media?parent=334"}],"curies":[{"name":"wp","href":"https:\/\/api.w.org\/{rel}","templated":true}]}}