{"id":332,"date":"2023-08-07T10:55:05","date_gmt":"2023-08-07T10:55:05","guid":{"rendered":"https:\/\/www.whyvaccines.com\/es-us\/?page_id=332"},"modified":"2026-04-16T07:52:51","modified_gmt":"2026-04-16T07:52:51","slug":"vaccines-program","status":"publish","type":"page","link":"https:\/\/www.whyvaccines.com\/es-us\/vaccines-program\/","title":{"rendered":"FREE vaccines program"},"content":{"rendered":"<link rel='stylesheet' id='vivid360-row-module-css-css' href='https:\/\/www.whyvaccines.com\/es-us\/wp-content\/themes\/cex-wpvip-mhh-merck-vivid360-theme-1-12\/blocks\/row\/css\/style.min.css?ver=6.8.5' media='all' \/>\n\n<div style=\"border-width:0px;border-style:;border-radius:0;background-color: !important\" class=\"wp-block-vivid360-row vivid360-row hcp-wide-bg-width has-white-background-color full-page-width\"><div class=\"cropped\" id=\"row517d3f27-1307-4e16-a8e2-f243a8c8e06b\"><div style=\"padding-top:0px;padding-bottom:0px;padding-right:0px;padding-left:0px\" class=\"row-content wide-width hcp-wide-width\"><link rel='stylesheet' id='vivid360-spacer-css-css' href='https:\/\/www.whyvaccines.com\/es-us\/wp-content\/themes\/cex-wpvip-mhh-merck-vivid360-theme-1-12\/blocks\/spacer\/css\/style.min.css?ver=1765535928' media='all' \/>\n\n<div style=\"background-color:transparent;height:32px\" class=\"wp-block-vivid360-spacer vivid360-spacer spacer-32\"><\/div>\n\n\n\n<div class=\"wp-block-columns mb-0 is-layout-flex wp-container-core-columns-is-layout-9d6595d7 wp-block-columns-is-layout-flex\">\n<div class=\"column-wrapper _75956ed8-b6cb-496d-903b-eb46fb46975c\"><style>\n\t\t\t\t@media (min-width: 1024px) {\n\t\t\t\t\t.column-wrapper {\n\t\t\t\t\t\tdisplay: contents;\n\t\t\t\t\t}\n\t\t\t\t}\n\t\t\t\t@media (max-width: 1024px) {\n\t\t\t\t\t#block-75956ed8-b6cb-496d-903b-eb46fb46975c,\n\t\t\t\t\t._75956ed8-b6cb-496d-903b-eb46fb46975c {\n\t\t\t\t\t\tdisplay: contents;\n\t\t\t\t\t\torder: 2 !important;\n\t\t\t\t\t}\n\t\t\t\t\t.wp-block-columns:not(.is-not-stacked-on-mobile)>.column-wrapper {\n\t\t\t\t\t\tflex-basis: 100% !important;\n\t\t\t\t\t}\n\t\t\t\t\t.column-wrapper .wp-block-column {\n\t\t\t\t\t\torder: inherit;\n\t\t\t\t\t}\n\t\t\t\t}\n\t\t\t\t@media (max-width: 767px) {\n\t\t\t\t\t#block-75956ed8-b6cb-496d-903b-eb46fb46975c,\n\t\t\t\t\t._75956ed8-b6cb-496d-903b-eb46fb46975c {\n\t\t\t\t\t\tdisplay: contents;\n\t\t\t\t\t\torder: 2 !important;\n\t\t\t\t\t}\n\t\t\t\t\t.column-wrapper .wp-block-column {\n\t\t\t\t\t\torder: inherit;\n\t\t\t\t\t}\n\t\t\t\t}\n\t\t\t\t<\/style><div class=\"wp-block-column is-vertically-aligned-top is-layout-flow wp-block-column-is-layout-flow\" style=\"flex-basis:50%\"><link rel='stylesheet' id='vivid360-heading-css-css' href='https:\/\/www.whyvaccines.com\/es-us\/wp-content\/themes\/cex-wpvip-mhh-merck-vivid360-theme-1-12\/blocks\/heading\/css\/style.min.css?ver=1765535927' media='all' \/>\n\n<div class=\"vivid360-heading default-hcp-fontsize default-hcp-tablet-fontsize default-hcp-mobile-fontsize\" id=\"a1a9ecc87-579a-4dce-9cf5-33d8598096bd\"><h1 class=\"has-primary-dark-color content-width fontWeightRegular\" style=\"--desktopFontSize:var(--h1FontSizeDesktop);--tabletFontSize:var(--h1FontSizeDesktop);--mobileFontSize:var(--h1FontSizeMobile);--desktopLineHeightSize:var(--h1LineHeightDesktop);--tabletLineHeightSize:var(--h1LineHeightDesktop);--mobileLineHeightSize:\" id=\"\"><strong>Conozca el Programa Vacunas para Ni\u00f1os (VFC)<\/strong><\/h1><\/div>\n\n\n\n<div class=\"paragraph-wrapper\"><div class=\"_50986410-841d-4f74-be96-4878f4e98307 \" id=\"\"><p class=\"has-medium-font-size\">El Programa Vacunas para Ni\u00f1os es de gran ayuda para los padres que desean proteger a sus hijos contra ciertas enfermedades prevenibles mediante vacunas. A&nbsp;trav\u00e9s del programa, miles de proveedores de atenci\u00f3n m\u00e9dica en todo Estados Unidos ofrecen vacunas a ni\u00f1os elegibles que cumplen con estos criterios:<\/p><\/div><\/div>\n\n\n\n<div style=\"background-color:transparent;--desktop-spacer:0px;--tablet-spacer:16px;--mobile-spacer:16px\" class=\"wp-block-vivid360-spacer vivid360-spacer-desktop vivid360-spacer-tablet vivid360-spacer-mobile\"><\/div>\n\n\n\n<div class=\"wp-block-columns is-not-stacked-on-mobile mb-0 is-layout-flex wp-container-core-columns-is-layout-9d6595d7 wp-block-columns-is-layout-flex\">\n<div class=\"wp-block-column is-layout-flow wp-block-column-is-layout-flow\"><link rel='stylesheet' id='vivid360-list-css-css' href='https:\/\/www.whyvaccines.com\/es-us\/wp-content\/themes\/cex-wpvip-mhh-merck-vivid360-theme-1-12\/blocks\/list\/css\/style.min.css?ver=1765535927' media='all' \/>\n\n<div class=\"vivid-block-list content-width default-list block-ac69586c-af4a-46fb-863e-0bc0b26c13a8 has-medium-font-size\" data-image=\"\" data-image-mobile=\"\" data-image-all=\"\" data-image-all-mobile=\"\" data-icon-color=\"#333\" data-text-color=\"#333\" data-client-id=\"block-ac69586c-af4a-46fb-863e-0bc0b26c13a8\"><ul class=\"first-level\"><li>No tienen seguro<\/li><li>Tienen un seguro limitado<\/li><\/ul><\/div>\n<\/div>\n\n\n\n<div class=\"wp-block-column is-layout-flow wp-block-column-is-layout-flow\">\n<div class=\"vivid-block-list content-width default-list block-f8c43f9a-8e88-44cc-891a-9ce54759eb66 has-medium-font-size\" data-image=\"\" data-image-mobile=\"\" data-image-all=\"\" data-image-all-mobile=\"\" data-icon-color=\"#333\" data-text-color=\"#333\" data-client-id=\"block-f8c43f9a-8e88-44cc-891a-9ce54759eb66\"><ul class=\"first-level\"><li>Son elegibles para Medicaid<\/li><li>Son ind\u00edgenas americanos o nativos de Alaska<\/li><\/ul><\/div>\n<\/div>\n<\/div>\n<\/div><\/div>\n\n\n\n<div class=\"column-wrapper _c1f41a0d-4745-46a1-b409-401ddf0c6ed6\"><style>\n\t\t\t\t@media (min-width: 1024px) {\n\t\t\t\t\t.column-wrapper {\n\t\t\t\t\t\tdisplay: contents;\n\t\t\t\t\t}\n\t\t\t\t}\n\t\t\t\t@media (max-width: 1024px) {\n\t\t\t\t\t#block-c1f41a0d-4745-46a1-b409-401ddf0c6ed6,\n\t\t\t\t\t._c1f41a0d-4745-46a1-b409-401ddf0c6ed6 {\n\t\t\t\t\t\tdisplay: contents;\n\t\t\t\t\t\torder: 1 !important;\n\t\t\t\t\t}\n\t\t\t\t\t.wp-block-columns:not(.is-not-stacked-on-mobile)>.column-wrapper {\n\t\t\t\t\t\tflex-basis: 100% !important;\n\t\t\t\t\t}\n\t\t\t\t\t.column-wrapper .wp-block-column {\n\t\t\t\t\t\torder: inherit;\n\t\t\t\t\t}\n\t\t\t\t}\n\t\t\t\t@media (max-width: 767px) {\n\t\t\t\t\t#block-c1f41a0d-4745-46a1-b409-401ddf0c6ed6,\n\t\t\t\t\t._c1f41a0d-4745-46a1-b409-401ddf0c6ed6 {\n\t\t\t\t\t\tdisplay: contents;\n\t\t\t\t\t\torder: 1 !important;\n\t\t\t\t\t}\n\t\t\t\t\t.column-wrapper .wp-block-column {\n\t\t\t\t\t\torder: inherit;\n\t\t\t\t\t}\n\t\t\t\t}\n\t\t\t\t<\/style><div class=\"wp-block-column is-layout-flow wp-block-column-is-layout-flow\" style=\"flex-basis:50%\"><link rel='stylesheet' id='vivid360-image-css-css' href='https:\/\/www.whyvaccines.com\/es-us\/wp-content\/themes\/cex-wpvip-mhh-merck-vivid360-theme-1-12\/blocks\/image\/css\/style.min.css?ver=1765535927' media='all' \/>\n\n<div class=\"wp-block-vivid360-image img-container mr-0 ml-0\"><figure class=\"wp-block-vivid360-image is-style-default has-mobile-image size-large is-resized\"><img loading=\"lazy\" decoding=\"async\" src=\"https:\/\/www.whyvaccines.com\/es-us\/wp-content\/uploads\/sites\/367\/2024\/09\/new-boy.png\" alt=\"\" class=\"wp-image-2021  style-noshadow   \" width=\"552\" height=\"348\" style=\"height:348px;width:552px\" srcset=\"https:\/\/www.whyvaccines.com\/es-us\/wp-content\/uploads\/sites\/367\/2024\/09\/new-boy.png 1023w, https:\/\/www.whyvaccines.com\/es-us\/wp-content\/uploads\/sites\/367\/2024\/09\/new-boy.png?resize=300,189 300w, https:\/\/www.whyvaccines.com\/es-us\/wp-content\/uploads\/sites\/367\/2024\/09\/new-boy.png?resize=768,484 768w\" sizes=\"auto, (max-width: 552px) 100vw, 552px\" \/><img loading=\"lazy\" decoding=\"async\" src=\"https:\/\/www.whyvaccines.com\/es-us\/wp-content\/uploads\/sites\/367\/2025\/05\/vacc-prog-mob.webp\" alt=\"\" class=\"wp-image-2094  style-noshadow mobile-image mobHeightAuto mobWidthAuto \" width=\"668\" height=\"428\" title=\"\" style=\"height:428px;width:668px\" srcset=\"https:\/\/www.whyvaccines.com\/es-us\/wp-content\/uploads\/sites\/367\/2025\/05\/vacc-prog-mob.webp 668w, https:\/\/www.whyvaccines.com\/es-us\/wp-content\/uploads\/sites\/367\/2025\/05\/vacc-prog-mob.webp?resize=300,192 300w\" sizes=\"auto, (max-width: 668px) 100vw, 668px\" \/><div align=\"right\" class=\"capoverlay-container mr-0 ml-0\"><div class=\"overlay-scheme-light overlay-enabled\" align=\"right\">La foto muestra a un actor<\/div><\/div><\/figure><\/div>\n<\/div><\/div>\n<\/div>\n<\/div><\/div><\/div>\n\n\n\n<div style=\"border-width:0px;border-style:;border-radius:0;background-color: !important\" class=\"wp-block-vivid360-row vivid360-row hcp-wide-bg-width has-white-background-color full-page-width\"><div class=\"cropped\" id=\"row96683fab-e34c-4b7d-a710-081d87e4fb6b\"><div style=\"padding-top:0px;padding-bottom:0px;padding-right:0px;padding-left:0px\" class=\"row-content wide-width hcp-wide-width\">\n<div style=\"background-color:transparent;--desktop-spacer:15px;--tablet-spacer:2px;--mobile-spacer:2px\" class=\"wp-block-vivid360-spacer vivid360-spacer-desktop vivid360-spacer-tablet vivid360-spacer-mobile\"><\/div>\n\n\n\n<div class=\"wp-block-columns mb-0 is-layout-flex wp-container-core-columns-is-layout-9d6595d7 wp-block-columns-is-layout-flex\">\n<div class=\"wp-block-column is-vertically-aligned-top is-layout-flow wp-block-column-is-layout-flow\" style=\"flex-basis:66.66%\">\n<div style=\"background-color:transparent;--desktop-spacer:2px;--tablet-spacer:20px;--mobile-spacer:20px\" class=\"wp-block-vivid360-spacer vivid360-spacer-desktop vivid360-spacer-tablet vivid360-spacer-mobile\"><\/div>\n\n\n\n<div class=\"vivid360-heading\" id=\"afaede114-4100-45f7-86e7-fd6961926406\"><h3 class=\"content-width fontWeightRegular\" style=\"--desktopFontSize:var(--h3FontSizeDesktop);--tabletFontSize:var(--h3FontSizeDesktop);--mobileFontSize:var(--h3FontSizeMobile);--desktopLineHeightSize:var(--h3LineHeightDesktop);--tabletLineHeightSize:var(--h3LineHeightDesktop);--mobileLineHeightSize:\" id=\"\"><strong>Muchos pediatras y proveedores de atenci\u00f3n m\u00e9dica forman parte del Programa Vacunas<\/strong> <strong>para Ni\u00f1os, el cual est\u00e1 disponible a trav\u00e9s de ciertos:<\/strong><\/h3><\/div>\n\n\n\n<div style=\"background-color:transparent;--desktop-spacer:0px;--tablet-spacer:16px;--mobile-spacer:16px\" class=\"wp-block-vivid360-spacer vivid360-spacer-desktop vivid360-spacer-tablet vivid360-spacer-mobile\"><\/div>\n\n\n\n<div class=\"wp-block-columns is-not-stacked-on-mobile mb-0 is-layout-flex wp-container-core-columns-is-layout-9d6595d7 wp-block-columns-is-layout-flex\">\n<div class=\"wp-block-column is-layout-flow wp-block-column-is-layout-flow\">\n<div class=\"vivid-block-list content-width default-list block-bec88e0a-bdea-4722-8f52-681f561f0007 has-medium-font-size\" data-image=\"\" data-image-mobile=\"\" data-image-all=\"\" data-image-all-mobile=\"\" data-icon-color=\"#333\" data-text-color=\"#333\" data-client-id=\"block-bec88e0a-bdea-4722-8f52-681f561f0007\"><ul class=\"first-level\"><li>Consultorios m\u00e9dicos privados<\/li><li>Escuelas<\/li><\/ul><\/div>\n<\/div>\n\n\n\n<div class=\"wp-block-column is-layout-flow wp-block-column-is-layout-flow\">\n<div class=\"vivid-block-list content-width default-list block-5da49006-400d-43d1-b7cb-97aa81ebb416 mt-0 has-medium-font-size\" data-image=\"\" data-image-mobile=\"\" data-image-all=\"\" data-image-all-mobile=\"\" data-icon-color=\"#333\" data-text-color=\"#333\" data-client-id=\"block-5da49006-400d-43d1-b7cb-97aa81ebb416\"><ul class=\"first-level\"><li>Hospitales<\/li><li>Cl\u00ednicas<\/li><\/ul><\/div>\n<\/div>\n<\/div>\n\n\n\n<div style=\"background-color:transparent;--desktop-spacer:16px;--tablet-spacer:10px;--mobile-spacer:10px\" class=\"wp-block-vivid360-spacer vivid360-spacer-desktop vivid360-spacer-tablet vivid360-spacer-mobile\"><\/div>\n\n\n\n<p class=\"has-primary-color has-text-color has-large-font-size\"><strong><mark style=\"background-color:rgba(0, 0, 0, 0);color:#333333\" class=\"has-inline-color\">Obtenga m\u00e1s informaci\u00f3n<\/mark><\/strong><br><a aria-label=\"#\" href=\"https:\/\/www.cdc.gov\/vaccines-for-children\/vfc-information-for-parents\/index.html\" target=\"_blank\" rel=\"noreferrer noopener\"><span class=\"interstitial-external-link\">Visite el sitio web del VFC<\/span><\/a><\/p>\n\n\n\n<div style=\"background-color:transparent;height:16px\" class=\"wp-block-vivid360-spacer vivid360-spacer spacer-16\"><\/div>\n\n\n\n<p class=\"has-primary-dark-color has-text-color has-large-font-size\"><a aria-label=\"#\" href=\"https:\/\/findahealthcenter.hrsa.gov\/\" target=\"_blank\" rel=\"noreferrer noopener\"><span class=\"interstitial-external-link\">Encuentre un proveedor cerca de usted<\/span><\/a><\/p>\n\n\n\n<div style=\"background-color:transparent;height:16px\" class=\"wp-block-vivid360-spacer vivid360-spacer spacer-16\"><\/div>\n\n\n\n<p class=\"has-primary-dark-color has-text-color has-large-font-size\"><a aria-label=\"#\" href=\"https:\/\/www.merckvaccines.com\/wp-content\/uploads\/sites\/8\/2023\/11\/US-NON-14113.pdf\" target=\"_blank\" rel=\"noreferrer noopener\">Descargue el folleto del Programa Vacunas para Ni\u00f1os aqu\u00ed<\/a><\/p>\n<\/div>\n\n\n\n<div class=\"wp-block-column is-vertically-aligned-top padding-top-bottom15 padding-left-right15 has-background is-layout-flow wp-block-column-is-layout-flow\" style=\"background-color:#fff4e8;flex-basis:33.33%\">\n<div class=\"wp-block-vivid360-image\"><div class=\"img-container mt-0\"><figure class=\"wp-block-vivid360-image is-style-default aligncenter size-large is-resized\"><img loading=\"lazy\" decoding=\"async\" src=\"https:\/\/www.whyvaccines.com\/es-us\/wp-content\/uploads\/sites\/367\/2024\/07\/orange-bulb.png?w=92\" alt=\"\" class=\"wp-image-1909  style-noshadow   \" width=\"46\" height=\"51\" style=\"height:51px;width:46px\"\/><\/figure><\/div><\/div>\n\n\n\n<div class=\"vivid360-heading\" id=\"a59f69fef-d763-4fe7-a500-31f6900515fe\"><h3 class=\"has-primary-dark-color has-text-align-center content-width fontWeightRegular\" style=\"--desktopFontSize:var(--h3FontSizeDesktop);--tabletFontSize:var(--h3FontSizeDesktop);--mobileFontSize:var(--h3FontSizeMobile);--desktopLineHeightSize:var(--h3LineHeightDesktop);--tabletLineHeightSize:var(--h3LineHeightDesktop);--mobileLineHeightSize:;--tabletAlign:center;--mobileAlign:center\" id=\"\"><strong>\u00bfSab\u00eda usted que\u2026?<\/strong><\/h3><\/div>\n\n\n\n<p class=\"has-text-align-left has-regular-font-size\">Casi la mitad de los ni\u00f1os estadounidenses menores de 18&nbsp;a\u00f1os reciben vacunas a trav\u00e9s del Programa Vacunas para Ni\u00f1os.<\/p>\n\n\n\n<div style=\"background-color:transparent;height:8px\" class=\"wp-block-vivid360-spacer vivid360-spacer spacer-8\"><\/div>\n<\/div>\n<\/div>\n\n\n\n<div style=\"background-color:transparent;--desktop-spacer:32px;--tablet-spacer:32px;--mobile-spacer:50px\" class=\"wp-block-vivid360-spacer vivid360-spacer-desktop vivid360-spacer-tablet vivid360-spacer-mobile\"><\/div>\n<\/div><\/div><\/div>\n\n\n\n<div style=\"border-width:0px;border-style:;border-radius:0;background-color: !important\" class=\"wp-block-vivid360-row vivid360-row hcp-wide-bg-width has-primary-light-background-color full-page-width\"><div class=\"cropped\" id=\"row7b9714f9-d576-4a47-813e-922e398ec82d\"><div style=\"padding-top:0px;padding-bottom:0px;padding-right:0px;padding-left:0px\" class=\"row-content wide-width hcp-wide-width\">\n<div style=\"background-color:transparent;--desktop-spacer:48px;--mobile-spacer:0px;--tablet-spacer:48px\" class=\"wp-block-vivid360-spacer vivid360-spacer-desktop vivid360-spacer-mobile vivid360-spacer-tablet\"><\/div>\n\n\n\n<div class=\"wp-block-columns mb-0 is-layout-flex wp-container-core-columns-is-layout-9d6595d7 wp-block-columns-is-layout-flex\">\n<div class=\"wp-block-column is-layout-flow wp-block-column-is-layout-flow\"><\/div>\n\n\n\n<div class=\"wp-block-column is-layout-flow wp-block-column-is-layout-flow\"><link rel='stylesheet' id='vivid360-card-css-css' href='https:\/\/www.whyvaccines.com\/es-us\/wp-content\/themes\/cex-wpvip-mhh-merck-vivid360-theme-1-12\/blocks\/card\/css\/style.min.css?ver=1773226567' media='all' \/>\n\n<div id=\"\" class=\"wp-block-vivid360-card a057d2c3e-320d-4862-a4aa-52cf01ea7d96 vivid360-block-card has-text-align-right card-vertical full-page-width\" style=\"border-width:0px;border-style:;border-radius:0;color:#111 !important\"><div class=\"card-content\"><div class=\"card-content-wrap\"><h2 class=\"card-header fontWeightRegular\">Madres con historias reales<\/h2><p class=\"card-link entire-card left\"><a class=\"\" href=\"https:\/\/www.whyvaccines.com\/es-us\/real-vaccination-stories\/\" role=\"button\" style=\"border-radius:4px\" title=\"\" target=\"_self\" rel=\"noopener\" data-design-category=\"link\" data-design-label=\"\" data-design-module=\"element\"><\/a><\/p><\/div><div class=\"\"><div class=\"card-icon-right\"><i role=\"link\" aria-label=\"\" aria-hidden=\"true\" class=\"icon-arrow-right\"><\/i><\/div><\/div><\/div><\/div>\n<\/div>\n<\/div>\n\n\n\n<div style=\"background-color:transparent;--desktop-spacer:0px;--mobile-spacer:0px;--tablet-spacer:0px\" class=\"wp-block-vivid360-spacer vivid360-spacer-desktop vivid360-spacer-mobile vivid360-spacer-tablet\"><\/div>\n<\/div><\/div><\/div>\n","protected":false},"excerpt":{"rendered":"","protected":false},"author":666,"featured_media":0,"parent":0,"menu_order":0,"comment_status":"closed","ping_status":"closed","template":"","meta":{"_acf_changed":false,"_trash_the_other_posts":false,"editor_notices":[],"footnotes":""},"class_list":["post-332","page","type-page","status-publish"],"yoast_head":"<!-- This site is optimized with the Yoast SEO plugin v27.4 - https:\/\/yoast.com\/product\/yoast-seo-wordpress\/ -->\n<title>Information About the Vaccines For Children Program (VFC)<\/title>\n<meta name=\"description\" content=\"Learn about the Vaccines For Children Program (VFC), including if your child is eligible and where to find a health care provider that is part of the VFC Program.\" \/>\n<meta name=\"robots\" content=\"index, follow, max-snippet:-1, max-image-preview:large, max-video-preview:-1\" \/>\n<link rel=\"canonical\" href=\"https:\/\/www.whyvaccines.com\/es-us\/vaccines-program\/\" \/>\n<meta property=\"og:locale\" content=\"en_US\" \/>\n<meta property=\"og:type\" content=\"article\" \/>\n<meta property=\"og:title\" content=\"Information About the Vaccines For Children Program (VFC)\" \/>\n<meta property=\"og:description\" content=\"Learn about the Vaccines For Children Program (VFC), including if your child is eligible and where to find a health care provider that is part of the VFC Program.\" \/>\n<meta property=\"og:url\" content=\"https:\/\/www.whyvaccines.com\/es-us\/vaccines-program\/\" \/>\n<meta property=\"og:site_name\" content=\"whyvaccines-hcc-es\" \/>\n<meta property=\"article:modified_time\" content=\"2026-04-16T07:52:51+00:00\" \/>\n<meta property=\"og:image\" content=\"https:\/\/www.whyvaccines.com\/es-us\/wp-content\/uploads\/sites\/367\/2024\/09\/new-boy.png\" \/>\n\t<meta property=\"og:image:width\" content=\"1023\" \/>\n\t<meta property=\"og:image:height\" content=\"645\" \/>\n\t<meta property=\"og:image:type\" content=\"image\/png\" \/>\n<meta name=\"twitter:card\" content=\"summary_large_image\" \/>\n<meta name=\"twitter:label1\" content=\"Est. reading time\" \/>\n\t<meta name=\"twitter:data1\" content=\"2 minutes\" \/>\n<!-- \/ Yoast SEO plugin. -->","yoast_head_json":{"title":"Information About the Vaccines For Children Program (VFC)","description":"Learn about the Vaccines For Children Program (VFC), including if your child is eligible and where to find a health care provider that is part of the VFC Program.","robots":{"index":"index","follow":"follow","max-snippet":"max-snippet:-1","max-image-preview":"max-image-preview:large","max-video-preview":"max-video-preview:-1"},"canonical":"https:\/\/www.whyvaccines.com\/es-us\/vaccines-program\/","og_locale":"en_US","og_type":"article","og_title":"Information About the Vaccines For Children Program (VFC)","og_description":"Learn about the Vaccines For Children Program (VFC), including if your child is eligible and where to find a health care provider that is part of the VFC Program.","og_url":"https:\/\/www.whyvaccines.com\/es-us\/vaccines-program\/","og_site_name":"whyvaccines-hcc-es","article_modified_time":"2026-04-16T07:52:51+00:00","og_image":[{"width":1023,"height":645,"url":"https:\/\/www.whyvaccines.com\/es-us\/wp-content\/uploads\/sites\/367\/2024\/09\/new-boy.png","type":"image\/png"}],"twitter_card":"summary_large_image","twitter_misc":{"Est. reading time":"2 minutes"},"schema":{"@context":"https:\/\/schema.org","@graph":[{"@type":"WebPage","@id":"https:\/\/www.whyvaccines.com\/es-us\/vaccines-program\/","url":"https:\/\/www.whyvaccines.com\/es-us\/vaccines-program\/","name":"Information About the Vaccines For Children Program (VFC)","isPartOf":{"@id":"https:\/\/www.whyvaccines.com\/es-us\/#website"},"primaryImageOfPage":{"@id":"https:\/\/www.whyvaccines.com\/es-us\/vaccines-program\/#primaryimage"},"image":{"@id":"https:\/\/www.whyvaccines.com\/es-us\/vaccines-program\/#primaryimage"},"thumbnailUrl":"https:\/\/www.whyvaccines.com\/es-us\/wp-content\/uploads\/sites\/367\/2024\/09\/new-boy.png","datePublished":"2023-08-07T10:55:05+00:00","dateModified":"2026-04-16T07:52:51+00:00","description":"Learn about the Vaccines For Children Program (VFC), including if your child is eligible and where to find a health care provider that is part of the VFC Program.","breadcrumb":{"@id":"https:\/\/www.whyvaccines.com\/es-us\/vaccines-program\/#breadcrumb"},"inLanguage":"en-US","potentialAction":[{"@type":"ReadAction","target":["https:\/\/www.whyvaccines.com\/es-us\/vaccines-program\/"]}]},{"@type":"ImageObject","inLanguage":"en-US","@id":"https:\/\/www.whyvaccines.com\/es-us\/vaccines-program\/#primaryimage","url":"https:\/\/www.whyvaccines.com\/es-us\/wp-content\/uploads\/sites\/367\/2024\/09\/new-boy.png","contentUrl":"https:\/\/www.whyvaccines.com\/es-us\/wp-content\/uploads\/sites\/367\/2024\/09\/new-boy.png","width":1023,"height":645},{"@type":"BreadcrumbList","@id":"https:\/\/www.whyvaccines.com\/es-us\/vaccines-program\/#breadcrumb","itemListElement":[{"@type":"ListItem","position":1,"name":"Home","item":"https:\/\/www.whyvaccines.com\/es-us\/"},{"@type":"ListItem","position":2,"name":"FREE vaccines program"}]},{"@type":"WebSite","@id":"https:\/\/www.whyvaccines.com\/es-us\/#website","url":"https:\/\/www.whyvaccines.com\/es-us\/","name":"whyvaccines-hcc-es","description":"Just another vip-msd.com site","potentialAction":[{"@type":"SearchAction","target":{"@type":"EntryPoint","urlTemplate":"https:\/\/www.whyvaccines.com\/es-us\/?s={search_term_string}"},"query-input":{"@type":"PropertyValueSpecification","valueRequired":true,"valueName":"search_term_string"}}],"inLanguage":"en-US"}]}},"acf":[],"_links":{"self":[{"href":"https:\/\/www.whyvaccines.com\/es-us\/wp-json\/wp\/v2\/pages\/332","targetHints":{"allow":["GET"]}}],"collection":[{"href":"https:\/\/www.whyvaccines.com\/es-us\/wp-json\/wp\/v2\/pages"}],"about":[{"href":"https:\/\/www.whyvaccines.com\/es-us\/wp-json\/wp\/v2\/types\/page"}],"author":[{"embeddable":true,"href":"https:\/\/www.whyvaccines.com\/es-us\/wp-json\/wp\/v2\/users\/666"}],"replies":[{"embeddable":true,"href":"https:\/\/www.whyvaccines.com\/es-us\/wp-json\/wp\/v2\/comments?post=332"}],"version-history":[{"count":140,"href":"https:\/\/www.whyvaccines.com\/es-us\/wp-json\/wp\/v2\/pages\/332\/revisions"}],"predecessor-version":[{"id":2531,"href":"https:\/\/www.whyvaccines.com\/es-us\/wp-json\/wp\/v2\/pages\/332\/revisions\/2531"}],"wp:attachment":[{"href":"https:\/\/www.whyvaccines.com\/es-us\/wp-json\/wp\/v2\/media?parent=332"}],"curies":[{"name":"wp","href":"https:\/\/api.w.org\/{rel}","templated":true}]}}