{"id":330,"date":"2023-08-07T10:54:27","date_gmt":"2023-08-07T10:54:27","guid":{"rendered":"https:\/\/www.whyvaccines.com\/es-us\/?page_id=330"},"modified":"2026-04-16T07:49:48","modified_gmt":"2026-04-16T07:49:48","slug":"vaccination-questions","status":"publish","type":"page","link":"https:\/\/www.whyvaccines.com\/es-us\/vaccination-questions\/","title":{"rendered":"Talking to your pediatrician"},"content":{"rendered":"<link rel='stylesheet' id='vivid360-row-module-css-css' href='https:\/\/www.whyvaccines.com\/es-us\/wp-content\/themes\/cex-wpvip-mhh-merck-vivid360-theme-1-12\/blocks\/row\/css\/style.min.css?ver=6.8.5' media='all' \/>\n\n<div style=\"border-width:0px;border-style:;border-radius:0;background-color: !important\" class=\"wp-block-vivid360-row vivid360-row hcp-wide-bg-width has-primary-light-background-color full-page-width\"><div class=\"cropped\" id=\"rowd98e3f24-39f8-465c-9f60-5c6a1d154f1a\"><div style=\"padding-top:0px;padding-bottom:0px;padding-right:0px;padding-left:0px\" class=\"row-content wide-width hcp-wide-width\">\n<div class=\"wp-block-columns mb-0 is-layout-flex wp-container-core-columns-is-layout-9d6595d7 wp-block-columns-is-layout-flex\">\n<div class=\"column-wrapper _67ed6679-e76a-4783-afb8-e9164b758b15\"><style>\n\t\t\t\t@media (min-width: 1024px) {\n\t\t\t\t\t.column-wrapper {\n\t\t\t\t\t\tdisplay: contents;\n\t\t\t\t\t}\n\t\t\t\t}\n\t\t\t\t@media (max-width: 1024px) {\n\t\t\t\t\t#block-67ed6679-e76a-4783-afb8-e9164b758b15,\n\t\t\t\t\t._67ed6679-e76a-4783-afb8-e9164b758b15 {\n\t\t\t\t\t\tdisplay: contents;\n\t\t\t\t\t\torder: 2 !important;\n\t\t\t\t\t}\n\t\t\t\t\t.wp-block-columns:not(.is-not-stacked-on-mobile)>.column-wrapper {\n\t\t\t\t\t\tflex-basis: 100% !important;\n\t\t\t\t\t}\n\t\t\t\t\t.column-wrapper .wp-block-column {\n\t\t\t\t\t\torder: inherit;\n\t\t\t\t\t}\n\t\t\t\t}\n\t\t\t\t@media (max-width: 767px) {\n\t\t\t\t\t#block-67ed6679-e76a-4783-afb8-e9164b758b15,\n\t\t\t\t\t._67ed6679-e76a-4783-afb8-e9164b758b15 {\n\t\t\t\t\t\tdisplay: contents;\n\t\t\t\t\t\torder: 2 !important;\n\t\t\t\t\t}\n\t\t\t\t\t.column-wrapper .wp-block-column {\n\t\t\t\t\t\torder: inherit;\n\t\t\t\t\t}\n\t\t\t\t}\n\t\t\t\t<\/style><div class=\"wp-block-column is-vertically-aligned-center is-layout-flow wp-block-column-is-layout-flow\" style=\"flex-basis:50%\"><link rel='stylesheet' id='vivid360-heading-css-css' href='https:\/\/www.whyvaccines.com\/es-us\/wp-content\/themes\/cex-wpvip-mhh-merck-vivid360-theme-1-12\/blocks\/heading\/css\/style.min.css?ver=1770880337' media='all' \/>\n\n<div class=\"vivid360-heading default-hcp-fontsize default-hcp-tablet-fontsize default-hcp-mobile-fontsize\" id=\"adf382731-fc88-4dff-bc70-5151f9f84d6d\"><h1 class=\"has-primary-dark-color content-width fontWeightRegular\" style=\"--desktopFontSize:var(--h1FontSizeDesktop);--tabletFontSize:var(--h1FontSizeDesktop);--mobileFontSize:var(--h1FontSizeMobile);--desktopLineHeightSize:var(--h1LineHeightDesktop);--tabletLineHeightSize:var(--h1LineHeightDesktop);--mobileLineHeightSize:\" id=\"\"><strong>Haga preguntas y prep\u00e1rese para hablar con el m\u00e9dico de su hijo<\/strong><\/h1><\/div>\n\n\n\n<div class=\"paragraph-wrapper\"><div class=\"_f0be3f09-9a4c-4e5e-a8af-f99626f7379e \" id=\"\"><p class=\"has-medium-font-size\">Como muchos padres, es posible que considere que el m\u00e9dico de su hijo es la fuente m\u00e1s confiable de informaci\u00f3n de salud. Si tiene preguntas sobre las vacunas, tener una conversaci\u00f3n abierta y honesta con ellos puede ayudarlo a dejar de sentir curiosidad para sentir seguridad acerca de la vacunaci\u00f3n de su hijo.<\/p><\/div><\/div>\n<\/div><\/div>\n\n\n\n<div class=\"column-wrapper _a33e4f5d-fa93-44d6-86a1-e8248d4a5a63\"><style>\n\t\t\t\t@media (min-width: 1024px) {\n\t\t\t\t\t.column-wrapper {\n\t\t\t\t\t\tdisplay: contents;\n\t\t\t\t\t}\n\t\t\t\t}\n\t\t\t\t@media (max-width: 1024px) {\n\t\t\t\t\t#block-a33e4f5d-fa93-44d6-86a1-e8248d4a5a63,\n\t\t\t\t\t._a33e4f5d-fa93-44d6-86a1-e8248d4a5a63 {\n\t\t\t\t\t\tdisplay: contents;\n\t\t\t\t\t\torder: 1 !important;\n\t\t\t\t\t}\n\t\t\t\t\t.wp-block-columns:not(.is-not-stacked-on-mobile)>.column-wrapper {\n\t\t\t\t\t\tflex-basis: 100% !important;\n\t\t\t\t\t}\n\t\t\t\t\t.column-wrapper .wp-block-column {\n\t\t\t\t\t\torder: inherit;\n\t\t\t\t\t}\n\t\t\t\t}\n\t\t\t\t@media (max-width: 767px) {\n\t\t\t\t\t#block-a33e4f5d-fa93-44d6-86a1-e8248d4a5a63,\n\t\t\t\t\t._a33e4f5d-fa93-44d6-86a1-e8248d4a5a63 {\n\t\t\t\t\t\tdisplay: contents;\n\t\t\t\t\t\torder: 1 !important;\n\t\t\t\t\t}\n\t\t\t\t\t.column-wrapper .wp-block-column {\n\t\t\t\t\t\torder: inherit;\n\t\t\t\t\t}\n\t\t\t\t}\n\t\t\t\t<\/style><div class=\"wp-block-column is-layout-flow wp-block-column-is-layout-flow\" style=\"flex-basis:50%\"><link rel='stylesheet' id='vivid360-image-css-css' href='https:\/\/www.whyvaccines.com\/es-us\/wp-content\/themes\/cex-wpvip-mhh-merck-vivid360-theme-1-12\/blocks\/image\/css\/style.min.css?ver=1776931356' media='all' \/>\n\n<div class=\"wp-block-vivid360-image\"><div class=\"img-container mr-0 ml-0\"><figure class=\"wp-block-vivid360-image is-style-default has-mobile-image alignright size-large is-resized\"><img loading=\"lazy\" decoding=\"async\" src=\"https:\/\/www.whyvaccines.com\/es-us\/wp-content\/uploads\/sites\/367\/2024\/07\/mom-kiss-kid.png?w=768\" alt=\"\" class=\"wp-image-1923  style-noshadow   \" width=\"552\" height=\"348\" style=\"height:348px;width:552px\" srcset=\"https:\/\/www.whyvaccines.com\/es-us\/wp-content\/uploads\/sites\/367\/2024\/07\/mom-kiss-kid.png 768w, https:\/\/www.whyvaccines.com\/es-us\/wp-content\/uploads\/sites\/367\/2024\/07\/mom-kiss-kid.png?resize=300,189 300w\" sizes=\"auto, (max-width: 552px) 100vw, 552px\" \/><img loading=\"lazy\" decoding=\"async\" src=\"https:\/\/www.whyvaccines.com\/es-us\/wp-content\/uploads\/sites\/367\/2024\/07\/mom-kiss-kid.png\" alt=\"\" class=\"wp-image-1923  style-noshadow mobile-image mobHeightAuto mobWidthAuto \" width=\"300\" height=\"484\" title=\"\" style=\"height:484px;width:300px\"\/><div align=\"right\" class=\"capoverlay-container mr-0 ml-0\"><div class=\"overlay-scheme-light overlay-enabled\" align=\"right\">La foto muestra a un actor<\/div><\/div><\/figure><\/div><\/div>\n<\/div><\/div>\n<\/div>\n\n\n<link rel='stylesheet' id='vivid360-spacer-css-css' href='https:\/\/www.whyvaccines.com\/es-us\/wp-content\/themes\/cex-wpvip-mhh-merck-vivid360-theme-1-12\/blocks\/spacer\/css\/style.min.css?ver=1770880337' media='all' \/>\n\n<div style=\"background-color:transparent;height:16px\" class=\"wp-block-vivid360-spacer vivid360-spacer spacer-16\"><\/div>\n<\/div><\/div><\/div>\n\n\n\n<div style=\"border-width:0px;border-style:;border-radius:0;background-color: !important\" class=\"wp-block-vivid360-row vivid360-row hcp-wide-bg-width has-primary-light-background-color full-page-width\"><div class=\"cropped\" id=\"rowb2c4becc-0d89-40db-a84e-0de0c2b53b9a\"><div style=\"padding-top:0px;padding-bottom:0px;padding-right:0px;padding-left:0px\" class=\"row-content wide-width hcp-wide-width\">\n<div class=\"wp-block-columns mb-0 is-layout-flex wp-container-core-columns-is-layout-9d6595d7 wp-block-columns-is-layout-flex\">\n<div class=\"wp-block-column is-vertically-aligned-top is-layout-flow wp-block-column-is-layout-flow\" style=\"flex-basis:66.66%\">\n<div class=\"vivid360-heading default-hcp-fontsize\" id=\"a7cb9a8d7-c63b-4ec3-a0b6-b59d90f06ad8\"><h2 class=\"content-width fontWeightRegular\" style=\"--desktopFontSize:var(--h2FontSizeDesktop);--tabletFontSize:20px;--mobileFontSize:20px;--desktopLineHeightSize:var(--h2LineHeightDesktop);--tabletLineHeightSize:30px;--mobileLineHeightSize:\" id=\"\"><strong>Prep\u00e1rese y planifique con anticipaci\u00f3n<\/strong><\/h2><\/div>\n\n\n\n<div style=\"background-color:transparent;--desktop-spacer:0px;--tablet-spacer:0px;--mobile-spacer:8px\" class=\"wp-block-vivid360-spacer vivid360-spacer-desktop vivid360-spacer-tablet vivid360-spacer-mobile\"><\/div>\n\n\n\n<div class=\"paragraph-wrapper\"><div class=\"_f6dc8a46-57f5-4d04-ae08-dee466d044e0 \" id=\"\"><p class=\"has-dark-text-color has-text-color has-medium-font-size\">Al prepararse para su cita, escriba sus preguntas y ll\u00e9velas con usted. Tambi\u00e9n puede averiguar<mark style=\"background-color:rgba(0, 0, 0, 0)\" class=\"has-inline-color has-primary-dark-color\"> <\/mark><a aria-label=\"#\" href=\"https:\/\/www.cdc.gov\/vaccines-children\/index.html\"><span class=\"interstitial-external-link\"><mark style=\"background-color:rgba(0, 0, 0, 0)\" class=\"has-inline-color has-primary-color\">qu\u00e9 vacunas se recomiendan para su hijo<\/mark><\/span><\/a> seg\u00fan su edad y otros factores a trav\u00e9s de fuentes confiables como los <a href=\"https:\/\/www.cdc.gov\/vaccines-children\/index.html\" aria-label=\"#\"><span class=\"interstitial-external-link\"><mark style=\"background-color:rgba(0, 0, 0, 0)\" class=\"has-inline-color has-primary-color\">CDC<\/mark><\/span><\/a> y <a aria-label=\"#\" href=\"https:\/\/www.healthychildren.org\/English\/safety-prevention\/immunizations\/Pages\/Vaccines-Your-Child-Needs.aspx?_ga=2.111586244.1106103372.1682368585-662089501.1644951619&amp;_gl=1*864jlc*_ga*NjYyMDg5NTAxLjE2NDQ5NTE2MTk.*_ga_FD9D3XZVQQ*MTY4MjM2ODU4NS42LjAuMTY4MjM2ODU4NS4wLjAuMA\" target=\"_blank\" rel=\"noreferrer noopener\"><span class=\"interstitial-external-link\"><mark style=\"background-color:rgba(0, 0, 0, 0)\" class=\"has-inline-color has-primary-dark-color\">HealthyChildren.org<\/mark><\/span><\/a>.<\/p><\/div><\/div>\n\n\n\n<div style=\"background-color:transparent;--desktop-spacer:8px;--tablet-spacer:16px;--mobile-spacer:16px\" class=\"wp-block-vivid360-spacer vivid360-spacer-desktop vivid360-spacer-tablet vivid360-spacer-mobile\"><\/div>\n\n\n\n<div class=\"paragraph-wrapper\"><div class=\"_4317463e-6468-4ee6-b424-00d20bf19fb6 \" id=\"\"><p class=\"has-dark-text-color has-text-color has-medium-font-size\">Adem\u00e1s, preg\u00fantele al m\u00e9dico de su hijo sobre las <a aria-label=\"#\" href=\"https:\/\/www.cdc.gov\/vaccines\/hcp\/current-vis\/index.html\"><span class=\"interstitial-external-link\"><mark style=\"background-color:rgba(0, 0, 0, 0)\" class=\"has-inline-color has-primary-color\">declaraciones de informaci\u00f3n de las vacunas<\/mark><\/span><\/a>, de los CDC, que brindan informaci\u00f3n valiosa sobre cada vacuna recomendada para su hijo. Hablar sobre esta informaci\u00f3n puede fortalecer su relaci\u00f3n y ayudarle a comprender la importancia de un plan de vacunaci\u00f3n para su hijo.<\/p><\/div><\/div>\n\n\n\n<div style=\"background-color:transparent;--desktop-spacer:2px;--tablet-spacer:20px;--mobile-spacer:20px\" class=\"wp-block-vivid360-spacer vivid360-spacer-desktop vivid360-spacer-tablet vivid360-spacer-mobile\"><\/div>\n<\/div>\n\n\n\n<div class=\"wp-block-column is-vertically-aligned-top padding-top-bottom15 padding-left-right15 has-background is-layout-flow wp-block-column-is-layout-flow\" style=\"background-color:#fff4e8;flex-basis:33.33%\">\n<div class=\"wp-block-vivid360-image\"><div class=\"img-container mt-0\"><figure class=\"wp-block-vivid360-image is-style-default aligncenter size-large is-resized\"><img loading=\"lazy\" decoding=\"async\" src=\"https:\/\/www.whyvaccines.com\/es-us\/wp-content\/uploads\/sites\/367\/2024\/07\/orange-bulb.png?w=92\" alt=\"\" class=\"wp-image-1909  style-noshadow   \" width=\"46\" height=\"51\" style=\"height:51px;width:46px\"\/><\/figure><\/div><\/div>\n\n\n\n<div class=\"vivid360-heading\" id=\"a9510b714-3ebd-416c-9cb3-fecb06e8cea5\"><h3 class=\"has-primary-dark-color has-text-align-center content-width fontWeightRegular\" style=\"--desktopFontSize:18px;--tabletFontSize:var(--h3FontSizeDesktop);--mobileFontSize:var(--h3FontSizeMobile);--desktopLineHeightSize:27px;--tabletLineHeightSize:var(--h3LineHeightDesktop);--mobileLineHeightSize:;--tabletAlign:center;--mobileAlign:center\" id=\"\"><strong>\u00bfSab\u00eda usted que\u2026?<\/strong><\/h3><\/div>\n\n\n\n<p>Si usted ha perdido o retrasado ciertas vacunas recomendadas para su hijo, los CDC ofrecen consejos sobre c\u00f3mo ponerse al d\u00eda con el calendario de vacunaci\u00f3n. Hable con el m\u00e9dico de su hijo.<\/p>\n\n\n\n<div style=\"background-color:transparent;height:8px\" class=\"wp-block-vivid360-spacer vivid360-spacer spacer-8\"><\/div>\n<\/div>\n<\/div>\n<\/div><\/div><\/div>\n\n\n\n<div style=\"border-width:0px;border-style:;border-radius:0;background-color: !important\" class=\"wp-block-vivid360-row vivid360-row hcp-wide-bg-width has-primary-light-background-color full-page-width\"><div class=\"cropped\" id=\"rowa5f5568a-1bee-4688-bfdf-910711a5e058\"><div style=\"padding-top:0px;padding-bottom:0px;padding-right:0px;padding-left:0px\" class=\"row-content wide-width hcp-wide-width\">\n<div style=\"background-color:transparent;--desktop-spacer:50px;--tablet-spacer:20px;--mobile-spacer:20px\" class=\"wp-block-vivid360-spacer vivid360-spacer-desktop vivid360-spacer-tablet vivid360-spacer-mobile\"><\/div>\n\n\n\n<div class=\"wp-block-columns mb-0 is-layout-flex wp-container-core-columns-is-layout-9d6595d7 wp-block-columns-is-layout-flex\">\n<div class=\"wp-block-column is-layout-flow wp-block-column-is-layout-flow\">\n<div class=\"wp-block-vivid360-image img-container ml-0 mr-0\"><figure class=\"wp-block-vivid360-image is-style-default has-mobile-image size-large is-resized\"><img loading=\"lazy\" decoding=\"async\" src=\"https:\/\/www.whyvaccines.com\/es-us\/wp-content\/uploads\/sites\/367\/2024\/09\/new-girl.png?w=1023\" alt=\"\" class=\"wp-image-2017  style-noshadow   \" width=\"552\" height=\"348\" style=\"height:348px;width:552px\" srcset=\"https:\/\/www.whyvaccines.com\/es-us\/wp-content\/uploads\/sites\/367\/2024\/09\/new-girl.png 1023w, https:\/\/www.whyvaccines.com\/es-us\/wp-content\/uploads\/sites\/367\/2024\/09\/new-girl.png?resize=300,189 300w, https:\/\/www.whyvaccines.com\/es-us\/wp-content\/uploads\/sites\/367\/2024\/09\/new-girl.png?resize=768,484 768w\" sizes=\"auto, (max-width: 552px) 100vw, 552px\" \/><img loading=\"lazy\" decoding=\"async\" src=\"https:\/\/www.whyvaccines.com\/es-us\/wp-content\/uploads\/sites\/367\/2024\/09\/new-girl.png?w=1023\" alt=\"\" class=\"wp-image-2017  style-noshadow mobile-image mobHeightAuto mobWidthAuto \" width=\"552\" height=\"348\" title=\"\" style=\"height:645px;width:1023px\" srcset=\"https:\/\/www.whyvaccines.com\/es-us\/wp-content\/uploads\/sites\/367\/2024\/09\/new-girl.png 1023w, https:\/\/www.whyvaccines.com\/es-us\/wp-content\/uploads\/sites\/367\/2024\/09\/new-girl.png?resize=300,189 300w, https:\/\/www.whyvaccines.com\/es-us\/wp-content\/uploads\/sites\/367\/2024\/09\/new-girl.png?resize=768,484 768w\" sizes=\"auto, (max-width: 552px) 100vw, 552px\" \/><div align=\"right\" class=\"capoverlay-container ml-0 mr-0\"><div class=\"overlay-scheme-light overlay-enabled\" align=\"right\">La foto muestra a un actor<\/div><\/div><\/figure><\/div>\n<\/div>\n\n\n\n<div class=\"wp-block-column is-vertically-aligned-center is-layout-flow wp-block-column-is-layout-flow\">\n<div class=\"vivid360-heading default-hcp-fontsize\" id=\"a2d544022-3ab2-4eb3-93be-88e37f75eb9e\"><h2 class=\"content-width fontWeightRegular\" style=\"--desktopFontSize:var(--h2FontSizeDesktop);--tabletFontSize:20px;--mobileFontSize:20px;--desktopLineHeightSize:var(--h2LineHeightDesktop);--tabletLineHeightSize:30px;--mobileLineHeightSize:\" id=\"\"><strong>A medida que su hijo crece, mant\u00e9ngase involucrado y seguro<\/strong><\/h2><\/div>\n\n\n\n<div style=\"background-color:transparent;--desktop-spacer:2px;--tablet-spacer:8px;--mobile-spacer:8px\" class=\"wp-block-vivid360-spacer vivid360-spacer-desktop vivid360-spacer-tablet vivid360-spacer-mobile\"><\/div>\n\n\n\n<div class=\"paragraph-wrapper\"><div class=\"_abfac811-a738-43ff-809e-7a09452b9a65 \" id=\"\"><p class=\"has-medium-font-size\">Con el tiempo, podr\u00edan surgir nuevas preguntas e informaci\u00f3n incorrecta sobre las vacunas. Para proteger a su hijo, siga haciendo preguntas y conf\u00ede en expertos de confianza, como el pediatra de su hijo.<\/p><\/div><\/div>\n\n\n\n<div style=\"background-color:transparent;--desktop-spacer:8px;--tablet-spacer:16px;--mobile-spacer:16px\" class=\"wp-block-vivid360-spacer vivid360-spacer-desktop vivid360-spacer-tablet vivid360-spacer-mobile\"><\/div>\n\n\n\n<div class=\"paragraph-wrapper\"><div class=\"_ea1207ea-7ec2-417f-b04d-4e07015ab9b7 \" id=\"\"><p class=\"has-medium-font-size\">\u00c9l conocer\u00e1 el historial m\u00e9dico de su hijo y puede conversar con usted sobre cualquier duda o inquietud que tenga acerca de las vacunas. Al mantenerse involucrado y hacer preguntas, usted puede sentirse seguro de su decisi\u00f3n de vacunar a su hijo.<\/p><\/div><\/div>\n<\/div>\n<\/div>\n<\/div><\/div><\/div>\n\n\n\n<div style=\"border-width:0px;border-style:;border-radius:0;background-color: !important\" class=\"wp-block-vivid360-row vivid360-row hcp-wide-bg-width has-primary-light-background-color full-page-width\"><div class=\"cropped\" id=\"row0aa5e857-dac1-42e8-bea6-0dbb6fae7141\"><div style=\"padding-top:0px;padding-bottom:0px;padding-right:0px;padding-left:0px\" class=\"row-content wide-width hcp-wide-width\">\n<div style=\"background-color:transparent;--desktop-spacer:32px;--mobile-spacer:16px;--tablet-spacer:32px\" class=\"wp-block-vivid360-spacer vivid360-spacer-desktop vivid360-spacer-mobile vivid360-spacer-tablet\"><\/div>\n\n\n\n<div class=\"wp-block-columns mb-0 is-layout-flex wp-container-core-columns-is-layout-9d6595d7 wp-block-columns-is-layout-flex\">\n<div class=\"wp-block-column is-layout-flow wp-block-column-is-layout-flow\"><\/div>\n\n\n\n<div class=\"wp-block-column is-layout-flow wp-block-column-is-layout-flow\"><link rel='stylesheet' id='vivid360-card-css-css' href='https:\/\/www.whyvaccines.com\/es-us\/wp-content\/themes\/cex-wpvip-mhh-merck-vivid360-theme-1-12\/blocks\/card\/css\/style.min.css?ver=1776931356' media='all' \/>\n\n<div id=\"\" class=\"wp-block-vivid360-card a3e933890-f774-4adf-ad41-cc22fa35cfe4 vivid360-block-card has-text-align-right card-vertical full-page-width\" style=\"border-width:0px;border-style:;border-radius:0;color:#111 !important\"><div class=\"card-content\"><div class=\"card-content-wrap\"><h2 class=\"card-header fontWeightRegular\">Programa Vacunas para Ni\u00f1os<\/h2><p class=\"card-link entire-card left\"><a class=\"\" href=\"https:\/\/www.whyvaccines.com\/es-us\/vaccines-program\/\" role=\"button\" style=\"border-radius:4px\" title=\"\" target=\"_self\" rel=\"noopener\" data-design-category=\"link\" data-design-label=\"\" data-design-module=\"element\"><\/a><\/p><\/div><div class=\"\"><div class=\"card-icon-right\"><i role=\"link\" aria-label=\"\" aria-hidden=\"true\" class=\"icon-arrow-right\"><\/i><\/div><\/div><\/div><\/div>\n<\/div>\n<\/div>\n\n\n\n<div style=\"background-color:transparent;--desktop-spacer:16px;--tablet-spacer:16px;--mobile-spacer:16px\" class=\"wp-block-vivid360-spacer vivid360-spacer-desktop vivid360-spacer-tablet vivid360-spacer-mobile\"><\/div>\n<\/div><\/div><\/div>\n","protected":false},"excerpt":{"rendered":"","protected":false},"author":666,"featured_media":0,"parent":0,"menu_order":0,"comment_status":"closed","ping_status":"closed","template":"","meta":{"_acf_changed":false,"_trash_the_other_posts":false,"editor_notices":[],"footnotes":""},"class_list":["post-330","page","type-page","status-publish"],"yoast_head":"<!-- This site is optimized with the Yoast SEO plugin v27.4 - https:\/\/yoast.com\/product\/yoast-seo-wordpress\/ -->\n<title>Vaccinations for Children: Discussion Tips for Talking to Your Doctor<\/title>\n<meta name=\"description\" content=\"View discussion tips for talking to your doctor about vaccines for your child to help you feel confident in your vaccination decision.\" \/>\n<meta name=\"robots\" content=\"index, follow, max-snippet:-1, max-image-preview:large, max-video-preview:-1\" \/>\n<link rel=\"canonical\" href=\"https:\/\/www.whyvaccines.com\/es-us\/vaccination-questions\/\" \/>\n<meta property=\"og:locale\" content=\"en_US\" \/>\n<meta property=\"og:type\" content=\"article\" \/>\n<meta property=\"og:title\" content=\"Vaccinations for Children: Discussion Tips for Talking to Your Doctor\" \/>\n<meta property=\"og:description\" content=\"View discussion tips for talking to your doctor about vaccines for your child to help you feel confident in your vaccination decision.\" \/>\n<meta property=\"og:url\" content=\"https:\/\/www.whyvaccines.com\/es-us\/vaccination-questions\/\" \/>\n<meta property=\"og:site_name\" content=\"whyvaccines-hcc-es\" \/>\n<meta property=\"article:modified_time\" content=\"2026-04-16T07:49:48+00:00\" \/>\n<meta property=\"og:image\" content=\"https:\/\/www.whyvaccines.com\/es-us\/wp-content\/uploads\/sites\/367\/2024\/07\/mom-kiss-kid.png\" \/>\n\t<meta property=\"og:image:width\" content=\"768\" \/>\n\t<meta property=\"og:image:height\" content=\"484\" \/>\n\t<meta property=\"og:image:type\" content=\"image\/png\" \/>\n<meta name=\"twitter:card\" content=\"summary_large_image\" \/>\n<meta name=\"twitter:label1\" content=\"Est. reading time\" \/>\n\t<meta name=\"twitter:data1\" content=\"3 minutes\" \/>\n<!-- \/ Yoast SEO plugin. -->","yoast_head_json":{"title":"Vaccinations for Children: Discussion Tips for Talking to Your Doctor","description":"View discussion tips for talking to your doctor about vaccines for your child to help you feel confident in your vaccination decision.","robots":{"index":"index","follow":"follow","max-snippet":"max-snippet:-1","max-image-preview":"max-image-preview:large","max-video-preview":"max-video-preview:-1"},"canonical":"https:\/\/www.whyvaccines.com\/es-us\/vaccination-questions\/","og_locale":"en_US","og_type":"article","og_title":"Vaccinations for Children: Discussion Tips for Talking to Your Doctor","og_description":"View discussion tips for talking to your doctor about vaccines for your child to help you feel confident in your vaccination decision.","og_url":"https:\/\/www.whyvaccines.com\/es-us\/vaccination-questions\/","og_site_name":"whyvaccines-hcc-es","article_modified_time":"2026-04-16T07:49:48+00:00","og_image":[{"width":768,"height":484,"url":"https:\/\/www.whyvaccines.com\/es-us\/wp-content\/uploads\/sites\/367\/2024\/07\/mom-kiss-kid.png","type":"image\/png"}],"twitter_card":"summary_large_image","twitter_misc":{"Est. reading time":"3 minutes"},"schema":{"@context":"https:\/\/schema.org","@graph":[{"@type":"WebPage","@id":"https:\/\/www.whyvaccines.com\/es-us\/vaccination-questions\/","url":"https:\/\/www.whyvaccines.com\/es-us\/vaccination-questions\/","name":"Vaccinations for Children: Discussion Tips for Talking to Your Doctor","isPartOf":{"@id":"https:\/\/www.whyvaccines.com\/es-us\/#website"},"primaryImageOfPage":{"@id":"https:\/\/www.whyvaccines.com\/es-us\/vaccination-questions\/#primaryimage"},"image":{"@id":"https:\/\/www.whyvaccines.com\/es-us\/vaccination-questions\/#primaryimage"},"thumbnailUrl":"https:\/\/www.whyvaccines.com\/es-us\/wp-content\/uploads\/sites\/367\/2024\/07\/mom-kiss-kid.png?w=768","datePublished":"2023-08-07T10:54:27+00:00","dateModified":"2026-04-16T07:49:48+00:00","description":"View discussion tips for talking to your doctor about vaccines for your child to help you feel confident in your vaccination decision.","breadcrumb":{"@id":"https:\/\/www.whyvaccines.com\/es-us\/vaccination-questions\/#breadcrumb"},"inLanguage":"en-US","potentialAction":[{"@type":"ReadAction","target":["https:\/\/www.whyvaccines.com\/es-us\/vaccination-questions\/"]}]},{"@type":"ImageObject","inLanguage":"en-US","@id":"https:\/\/www.whyvaccines.com\/es-us\/vaccination-questions\/#primaryimage","url":"https:\/\/www.whyvaccines.com\/es-us\/wp-content\/uploads\/sites\/367\/2024\/07\/mom-kiss-kid.png","contentUrl":"https:\/\/www.whyvaccines.com\/es-us\/wp-content\/uploads\/sites\/367\/2024\/07\/mom-kiss-kid.png","width":768,"height":484},{"@type":"BreadcrumbList","@id":"https:\/\/www.whyvaccines.com\/es-us\/vaccination-questions\/#breadcrumb","itemListElement":[{"@type":"ListItem","position":1,"name":"Home","item":"https:\/\/www.whyvaccines.com\/es-us\/"},{"@type":"ListItem","position":2,"name":"Talking to your pediatrician"}]},{"@type":"WebSite","@id":"https:\/\/www.whyvaccines.com\/es-us\/#website","url":"https:\/\/www.whyvaccines.com\/es-us\/","name":"whyvaccines-hcc-es","description":"Just another vip-msd.com site","potentialAction":[{"@type":"SearchAction","target":{"@type":"EntryPoint","urlTemplate":"https:\/\/www.whyvaccines.com\/es-us\/?s={search_term_string}"},"query-input":{"@type":"PropertyValueSpecification","valueRequired":true,"valueName":"search_term_string"}}],"inLanguage":"en-US"}]}},"acf":[],"_links":{"self":[{"href":"https:\/\/www.whyvaccines.com\/es-us\/wp-json\/wp\/v2\/pages\/330","targetHints":{"allow":["GET"]}}],"collection":[{"href":"https:\/\/www.whyvaccines.com\/es-us\/wp-json\/wp\/v2\/pages"}],"about":[{"href":"https:\/\/www.whyvaccines.com\/es-us\/wp-json\/wp\/v2\/types\/page"}],"author":[{"embeddable":true,"href":"https:\/\/www.whyvaccines.com\/es-us\/wp-json\/wp\/v2\/users\/666"}],"replies":[{"embeddable":true,"href":"https:\/\/www.whyvaccines.com\/es-us\/wp-json\/wp\/v2\/comments?post=330"}],"version-history":[{"count":130,"href":"https:\/\/www.whyvaccines.com\/es-us\/wp-json\/wp\/v2\/pages\/330\/revisions"}],"predecessor-version":[{"id":2529,"href":"https:\/\/www.whyvaccines.com\/es-us\/wp-json\/wp\/v2\/pages\/330\/revisions\/2529"}],"wp:attachment":[{"href":"https:\/\/www.whyvaccines.com\/es-us\/wp-json\/wp\/v2\/media?parent=330"}],"curies":[{"name":"wp","href":"https:\/\/api.w.org\/{rel}","templated":true}]}}