{"id":2068,"date":"2025-05-15T09:26:49","date_gmt":"2025-05-15T09:26:49","guid":{"rendered":"https:\/\/www.whyvaccines.com\/es-us\/?page_id=2068"},"modified":"2026-04-16T08:07:36","modified_gmt":"2026-04-16T08:07:36","slug":"dr-chandra-puri","status":"publish","type":"page","link":"https:\/\/www.whyvaccines.com\/es-us\/real-vaccination-stories\/dr-chandra-puri\/","title":{"rendered":"From a mom and pediatrician"},"content":{"rendered":"<link rel='stylesheet' id='vivid360-row-module-css-css' href='https:\/\/www.whyvaccines.com\/es-us\/wp-content\/themes\/cex-wpvip-mhh-merck-vivid360-theme-1-12\/blocks\/row\/css\/style.min.css?ver=6.8.5' media='all' \/>\n\n<div style=\"border-width:0px;border-style:;border-radius:0;background-color: !important\" class=\"wp-block-vivid360-row vivid360-row hcp-wide-bg-width has-white-background-color full-page-width\"><div class=\"cropped\" id=\"row81ba4c82-b7f5-4bb4-8f37-7d14df5a73f8\"><div style=\"padding-top:0px;padding-bottom:0px;padding-right:0px;padding-left:0px\" class=\"row-content wide-width hcp-wide-width\"><link rel='stylesheet' id='vivid360-spacer-css-css' href='https:\/\/www.whyvaccines.com\/es-us\/wp-content\/themes\/cex-wpvip-mhh-merck-vivid360-theme-1-12\/blocks\/spacer\/css\/style.min.css?ver=1765535928' media='all' \/>\n\n<div style=\"background-color:transparent;height:48px\" class=\"wp-block-vivid360-spacer vivid360-spacer spacer-48\"><\/div>\n\n\n<link rel='stylesheet' id='vivid360-heading-css-css' href='https:\/\/www.whyvaccines.com\/es-us\/wp-content\/themes\/cex-wpvip-mhh-merck-vivid360-theme-1-12\/blocks\/heading\/css\/style.min.css?ver=1765535927' media='all' \/>\n\n<div class=\"vivid360-heading default-hcp-fontsize default-hcp-tablet-fontsize default-hcp-mobile-fontsize\" id=\"aa3d69672-2d71-4beb-9e4f-c87e25b42010\"><h1 class=\"has-primary-dark-color has-text-align-center content-width fontWeightRegular\" style=\"--desktopFontSize:var(--h1FontSizeDesktop);--tabletFontSize:var(--h1FontSizeDesktop);--mobileFontSize:var(--h1FontSizeMobile);--desktopLineHeightSize:var(--h1LineHeightDesktop);--tabletLineHeightSize:var(--h1LineHeightDesktop);--mobileLineHeightSize:;--tabletAlign:center;--mobileAlign:center\" id=\"\"><strong>Como madre y pediatra<\/strong><\/h1><\/div>\n\n\n<link rel='stylesheet' id='vivid360-video-module-css-css' href='https:\/\/www.whyvaccines.com\/es-us\/wp-content\/themes\/cex-wpvip-mhh-merck-vivid360-theme-1-12\/blocks\/video-module\/css\/style.min.css?ver=1765535928' media='all' \/>\n\n<div id=\"\" class=\"wp-block-vivid360-video-module vivid360-block-video-module video-module-center full-page-width\"><div class=\"video-wrapper\"><div data-tracking-video=\"6369380417112\" class=\"vivid360-block-video-module-video-content\"><div><video id=\"video-block\" data-design-category=\"Video\" data-account=\"1905768940001\" data-player=\"default\" data-embed=\"default\" controls data-video-id=\"6369380417112\" data-playlist-id=\"\" data-application-id=\"\" class=\"vjs-fluid video-js\" aria-labelledby=\"video_label\" aria-describedby=\"video_description\"><\/video><\/div><\/div><div id=\"video_label\" hidden>BrightCove Video<\/div><div id=\"video_description\" aria-live=\"polite\" role=\"caption\" hidden><\/div><figure class=\"text-align-left\"><figcaption><\/figcaption><\/figure><\/div><\/div>\n\n\n\n<div style=\"background-color:transparent;height:8px\" class=\"wp-block-vivid360-spacer vivid360-spacer spacer-8\"><\/div>\n\n\n\n<div class=\"paragraph-wrapper\"><div class=\"_3129eea6-f4ec-4a2a-bbc9-c6e753388282 \" id=\"\"><p class=\"has-text-align-center has-large-font-size\"><strong>La Dra. Chandra-Puri, madre de cuatro hijos, comprende las preocupaciones que tienen los padres al momento de decidir si vacunar o no a sus hijos. Conozca a la Dra. Chandra-Puri y descubra por qu\u00e9 la vacunaci\u00f3n es importante.<\/strong><\/p><\/div><\/div>\n\n\n\n<div style=\"background-color:transparent;--desktop-spacer:32px;--tablet-spacer:32px;--mobile-spacer:16px\" class=\"wp-block-vivid360-spacer vivid360-spacer-desktop vivid360-spacer-tablet vivid360-spacer-mobile\"><\/div>\n\n\n\n<div class=\"wp-block-columns are-vertically-aligned-top mb-0 is-layout-flex wp-container-core-columns-is-layout-9d6595d7 wp-block-columns-is-layout-flex\">\n<div class=\"wp-block-column is-vertically-aligned-top is-layout-flow wp-block-column-is-layout-flow\">\n<div class=\"paragraph-wrapper\"><div class=\"_7dcacbeb-9427-4184-b0f7-2101ab208407 \" id=\"\"><p class=\"has-medium-font-size\">Ser madre es un privilegio incre\u00edble y, a la vez, una responsabilidad muy aterradora. Tienes muchas esperanzas y sue\u00f1os para ellos y de verdad quieres que se parezcan a ti de alguna manera. Sin embargo, tambi\u00e9n quieres que sean independientes y encuentren su propio espacio.<\/p><\/div><\/div>\n\n\n\n<div style=\"background-color:transparent;height:16px\" class=\"wp-block-vivid360-spacer vivid360-spacer spacer-16\"><\/div>\n\n\n\n<div class=\"paragraph-wrapper\"><div class=\"_6a45a0d0-4c92-4ded-8fea-23b1389a2936 \" id=\"\"><p class=\"has-medium-font-size\">Estos son mis cuatro chicos inquietos. Tengo la oportunidad de experimentar muchas cosas, ya que soy madre de cuatro. Cada uno de ellos es \u00fanico y, por eso, tengo m\u00e1s oportunidades de que sucedan cosas diferentes. Creo que es muy importante tener alg\u00fan tipo de comunidad mientras est\u00e1s criando hijos. Hay muchas situaciones que pueden ser muy intimidantes porque no existe un manual de instrucciones.<\/p><\/div><\/div>\n\n\n\n<div style=\"background-color:transparent;height:16px\" class=\"wp-block-vivid360-spacer vivid360-spacer spacer-16\"><\/div>\n\n\n\n<div class=\"paragraph-wrapper\"><div class=\"_6ed10ee2-9337-4684-af9b-43df1b6dfa13 \" id=\"\"><p class=\"has-regular-font-size\"><strong>\u00bfPor qu\u00e9 decidi\u00f3 vacunar a sus hijos?<\/strong><\/p><\/div><\/div>\n\n\n\n<div style=\"background-color:transparent;height:16px\" class=\"wp-block-vivid360-spacer vivid360-spacer spacer-16\"><\/div>\n\n\n\n<div class=\"paragraph-wrapper\"><div class=\"_bcf58bdb-f046-4a7f-9388-d9298069bfeb \" id=\"\"><p class=\"has-medium-font-size\">S\u00e9 que hay muchas cosas por ah\u00ed a las que est\u00e1n expuestos mis hijos y que no puedo controlar. Por eso creo que es tan importante protegerlos contra enfermedades prevenibles mediante vacunas. En el campo de la vacunaci\u00f3n pedi\u00e1trica, s\u00e9 que hay mucha investigaci\u00f3n y ciencia involucradas en la aprobaci\u00f3n de las vacunas, incluida la determinaci\u00f3n de los posibles efectos secundarios.<\/p><\/div><\/div>\n<\/div>\n\n\n\n<div class=\"wp-block-column is-vertically-aligned-top is-layout-flow wp-block-column-is-layout-flow\">\n<div class=\"paragraph-wrapper\"><div class=\"_36ae9c48-05db-4398-82d1-fdb48e803a03 \" id=\"\"><p class=\"has-medium-font-size\">Creo que, en la actualidad, todo el mundo tiene acceso a todo tipo de informaci\u00f3n, y no toda esa informaci\u00f3n es correcta. Por eso creo que sigue siendo importante volver a visitar a los m\u00e9dicos para hablar sobre las cosas que nos preocupan y para entender lo que estamos tratando de hacer para proteger a nuestros hijos. Creo que ser mam\u00e1 me ha ayudado mucho en mi trabajo de pediatr\u00eda. Quiero usar eso para ayudar a otros padres a entender c\u00f3mo cuidar a sus hijos. Ese concepto de \u201cse<\/p><\/div><\/div>\n\n\n\n<div style=\"background-color:transparent;height:8px\" class=\"wp-block-vivid360-spacer vivid360-spacer spacer-8\"><\/div>\n\n\n<link rel='stylesheet' id='vivid360-quote-css-css' href='https:\/\/www.whyvaccines.com\/es-us\/wp-content\/themes\/cex-wpvip-mhh-merck-vivid360-theme-1-12\/blocks\/quote\/css\/style.min.css?ver=1765535928' media='all' \/>\n\n<div id=\"\" class=\"wp-block-vivid360-quote has-text-align-left has-vertical-bar\"><blockquote><p class=\"quote-content\"><span class=\"vertical-bar\" style=\"background-color:#ff8a1e\"><\/span><span class=\"h2 fontWeightRegular\"><mark style=\"background-color:rgba(0, 0, 0, 0)\" class=\"has-inline-color has-dark-text-color\"><strong>\u201cCreo que ser mam\u00e1 me ha ayudado mucho en<\/strong><\/mark> <mark style=\"background-color:rgba(0, 0, 0, 0)\" class=\"has-inline-color has-dark-text-color\"><strong>mi trabajo de pediatr\u00eda. Quiero usar eso para ayudar a otros padres a entender c\u00f3mo cuidar a sus hijos\u201d.<\/strong><\/mark><\/span><\/p><\/blockquote><\/div>\n\n\n\n<div class=\"paragraph-wrapper\"><div class=\"_bda58781-62a2-426e-b703-70c80ca62cae \" id=\"\"><p class=\"has-medium-font-size\">necesita una aldea\u201d es realmente cierto. Creo que es muy importante contar con gente que est\u00e9 a nuestro lado. A las otras mam\u00e1s, les recomiendo hablar con sus m\u00e9dicos sobre las vacunas para sus familias.<\/p><\/div><\/div>\n<\/div>\n<\/div>\n\n\n\n<div style=\"background-color:transparent;--desktop-spacer:40px;--tablet-spacer:40px;--mobile-spacer:40px\" class=\"wp-block-vivid360-spacer vivid360-spacer-desktop vivid360-spacer-tablet vivid360-spacer-mobile\"><\/div>\n\n\n\n<div class=\"vivid360-heading\" id=\"a80a33ce9-6724-43af-8c7c-eb795863daed\"><h2 class=\"has-text-align-center content-width fontWeightRegular\" style=\"--desktopFontSize:36px;--tabletFontSize:20px;--mobileFontSize:20px;--desktopLineHeightSize:45px;--tabletLineHeightSize:30px;--mobileLineHeightSize:;--tabletAlign:center;--mobileAlign:center\" id=\"\"><strong>Conozca lo que estas mam\u00e1s dijeron sobre su experiencia con la vacunaci\u00f3n<\/strong><\/h2><\/div>\n\n\n\n<div style=\"background-color:transparent;height:16px\" class=\"wp-block-vivid360-spacer vivid360-spacer spacer-16\"><\/div>\n\n\n\n<div class=\"wp-block-columns ml-0 mb-0 is-layout-flex wp-container-core-columns-is-layout-9d6595d7 wp-block-columns-is-layout-flex\">\n<div class=\"wp-block-column is-vertically-aligned-top ml-0 is-layout-flow wp-block-column-is-layout-flow\" style=\"flex-basis:33%\">\n<div class=\"paragraph-wrapper\"><div class=\"_6ee77672-bf1b-4c8a-890c-96be3556f9d0 \" id=\"\"><p style=\"font-size:24px\"><strong>La historia de April<\/strong><\/p><\/div><\/div>\n\n\n<link rel='stylesheet' id='vivid360-image-css-css' href='https:\/\/www.whyvaccines.com\/es-us\/wp-content\/themes\/cex-wpvip-mhh-merck-vivid360-theme-1-12\/blocks\/image\/css\/style.min.css?ver=1765535927' media='all' \/>\n\n<div class=\"wp-block-vivid360-image img-container mr-0 ml-0\"><figure class=\"wp-block-vivid360-image is-style-default size-large is-resized\"><img loading=\"lazy\" decoding=\"async\" src=\"https:\/\/www.whyvaccines.com\/es-us\/wp-content\/uploads\/sites\/367\/2025\/05\/april-orange.webp?w=720\" alt=\"\" class=\"wp-image-2061  style-noshadow   \" width=\"360\" height=\"202\" style=\"height:202px;width:360px\" srcset=\"https:\/\/www.whyvaccines.com\/es-us\/wp-content\/uploads\/sites\/367\/2025\/05\/april-orange.webp 720w, https:\/\/www.whyvaccines.com\/es-us\/wp-content\/uploads\/sites\/367\/2025\/05\/april-orange.webp?resize=300,169 300w\" sizes=\"auto, (max-width: 360px) 100vw, 360px\" \/><\/figure><\/div>\n\n\n\n<div class=\"paragraph-wrapper\"><div class=\"_a623eb49-06a1-4c86-8e51-521df9b77ab4 padding-left-right15 \" id=\"\"><p class=\"has-medium-font-size\"><strong>April<\/strong><\/p><\/div><\/div>\n\n\n\n<div class=\"paragraph-wrapper\"><div class=\"_c9fd6534-e29e-48fd-9b97-f7368f09241d padding-left-right15 \" id=\"\"><p>Esposa y madre de 3 hijos, gerente de oficina que hace todo, amante de la m\u00fasica<\/p><\/div><\/div>\n\n\n\n<div style=\"background-color:transparent;height:16px\" class=\"wp-block-vivid360-spacer vivid360-spacer spacer-16\"><\/div>\n\n\n\n<div class=\"wp-block-vivid360-button-parent btn-block-container content-width button-justify-left padding-left-right15\"><link rel='stylesheet' id='vivid360-button-block-css-css' href='https:\/\/www.whyvaccines.com\/es-us\/wp-content\/themes\/cex-wpvip-mhh-merck-vivid360-theme-1-12\/blocks\/button\/css\/style.min.css?ver=1765535927' media='all' \/>\n<link rel='stylesheet' id='vivid360-button-parent-block-css-css' href='https:\/\/www.whyvaccines.com\/es-us\/wp-content\/themes\/cex-wpvip-mhh-merck-vivid360-theme-1-12\/blocks\/button-parent\/css\/style.min.css?ver=6.8.5' media='all' \/>\n\n<div class=\"vivid360-button-block fullWidth-mobile\"><a class=\"btn primary primary-regular has-primary-dark-border-color has-primary-dark-background-color\" role=\"button\" style=\"font-size:14px;letter-spacing:0.86px;border-radius:4px;border-style:solid;justify-content:center;text-align:center;width:100%\" href=\"https:\/\/www.whyvaccines.com\/es-us\/real-vaccination-stories\/april\/\" title=\"Por qu\u00e9 April eligi\u00f3 la vacunaci\u00f3n\" target=\"_self\" rel=\"noopener\" data-design-category=\"button\" data-design-label=\"Por qu\u00e9 April eligi\u00f3 la vacunaci\u00f3n\" data-design-module=\"element\" data-event-name=\"element_click\">Por qu\u00e9 April eligi\u00f3 la vacunaci\u00f3n<\/a><\/div>\n<\/div>\n<\/div>\n\n\n\n<div class=\"wp-block-column is-vertically-aligned-top is-layout-flow wp-block-column-is-layout-flow\" style=\"flex-basis:33%\">\n<div class=\"paragraph-wrapper\"><div class=\"_c340a02e-030e-40fd-bf4b-ac897b5993a0 \" id=\"\"><p style=\"font-size:24px\"><strong>La historia de Celenia<\/strong><\/p><\/div><\/div>\n\n\n\n<div class=\"wp-block-vivid360-image img-container mr-0 ml-0\"><figure class=\"wp-block-vivid360-image is-style-default size-large is-resized\"><img loading=\"lazy\" decoding=\"async\" src=\"https:\/\/www.whyvaccines.com\/es-us\/wp-content\/uploads\/sites\/367\/2025\/05\/celenia-orange.webp?w=720\" alt=\"\" class=\"wp-image-2060  style-noshadow   \" width=\"360\" height=\"202\" style=\"height:202px;width:360px\" srcset=\"https:\/\/www.whyvaccines.com\/es-us\/wp-content\/uploads\/sites\/367\/2025\/05\/celenia-orange.webp 720w, https:\/\/www.whyvaccines.com\/es-us\/wp-content\/uploads\/sites\/367\/2025\/05\/celenia-orange.webp?resize=300,169 300w\" sizes=\"auto, (max-width: 360px) 100vw, 360px\" \/><\/figure><\/div>\n\n\n\n<div class=\"paragraph-wrapper\"><div class=\"_53d81c71-719a-47bb-bbac-c8a61a15dfb3 padding-left-right15 \" id=\"\"><p class=\"has-medium-font-size\"><strong>Celenia<\/strong><\/p><\/div><\/div>\n\n\n\n<div class=\"paragraph-wrapper\"><div class=\"_a9464d89-da3d-4f3c-a345-797b2c004909 padding-left-right15 \" id=\"\"><p>Esposa y madre, tecn\u00f3loga en resonancia magn\u00e9tica, viajera del mundo<\/p><\/div><\/div>\n\n\n\n<div style=\"background-color:transparent;height:16px\" class=\"wp-block-vivid360-spacer vivid360-spacer spacer-16\"><\/div>\n\n\n\n<div class=\"wp-block-vivid360-button-parent btn-block-container content-width button-justify-left padding-left-right15\">\n<div class=\"vivid360-button-block fullWidth-mobile\"><a class=\"btn primary primary-regular has-primary-dark-border-color has-primary-dark-background-color\" role=\"button\" style=\"font-size:14px;letter-spacing:0.86px;border-radius:4px;border-style:solid;justify-content:center;text-align:center;width:100%\" href=\"https:\/\/www.whyvaccines.com\/es-us\/real-vaccination-stories\/celenia\/\" title=\"Por qu\u00e9 Celenia eligi\u00f3 la vacunaci\u00f3n\" target=\"_self\" rel=\"noopener\" data-design-category=\"button\" data-design-label=\"Por qu\u00e9 Celenia eligi\u00f3 la vacunaci\u00f3n\" data-design-module=\"element\" data-event-name=\"element_click\">Por qu\u00e9 Celenia eligi\u00f3 la vacunaci\u00f3n<\/a><\/div>\n<\/div>\n<\/div>\n\n\n\n<div class=\"wp-block-column is-layout-flow wp-block-column-is-layout-flow\" style=\"flex-basis:33%\"><\/div>\n<\/div>\n\n\n\n<div style=\"background-color:transparent;--desktop-spacer:50px;--tablet-spacer:50px;--mobile-spacer:20px\" class=\"wp-block-vivid360-spacer vivid360-spacer-desktop vivid360-spacer-tablet vivid360-spacer-mobile\"><\/div>\n<\/div><\/div><\/div>\n","protected":false},"excerpt":{"rendered":"","protected":false},"author":561,"featured_media":0,"parent":334,"menu_order":0,"comment_status":"closed","ping_status":"closed","template":"","meta":{"_acf_changed":false,"_trash_the_other_posts":false,"editor_notices":[],"footnotes":""},"class_list":["post-2068","page","type-page","status-publish"],"yoast_head":"<!-- This site is optimized with the Yoast SEO plugin v27.4 - https:\/\/yoast.com\/product\/yoast-seo-wordpress\/ -->\n<title>From a mom and pediatrician - whyvaccines-hcc-es<\/title>\n<meta name=\"robots\" content=\"index, follow, max-snippet:-1, max-image-preview:large, max-video-preview:-1\" \/>\n<link rel=\"canonical\" href=\"https:\/\/www.whyvaccines.com\/es-us\/real-vaccination-stories\/dr-chandra-puri\/\" \/>\n<meta property=\"og:locale\" content=\"en_US\" \/>\n<meta property=\"og:type\" content=\"article\" \/>\n<meta property=\"og:title\" content=\"From a mom and pediatrician - whyvaccines-hcc-es\" \/>\n<meta property=\"og:url\" content=\"https:\/\/www.whyvaccines.com\/es-us\/real-vaccination-stories\/dr-chandra-puri\/\" \/>\n<meta property=\"og:site_name\" content=\"whyvaccines-hcc-es\" \/>\n<meta property=\"article:modified_time\" content=\"2026-04-16T08:07:36+00:00\" \/>\n<meta property=\"og:image\" content=\"https:\/\/www.whyvaccines.com\/es-us\/wp-content\/uploads\/sites\/367\/2025\/05\/april-orange.webp\" \/>\n\t<meta property=\"og:image:width\" content=\"720\" \/>\n\t<meta property=\"og:image:height\" content=\"405\" \/>\n\t<meta property=\"og:image:type\" content=\"image\/webp\" \/>\n<meta name=\"twitter:card\" content=\"summary_large_image\" \/>\n<meta name=\"twitter:label1\" content=\"Est. reading time\" \/>\n\t<meta name=\"twitter:data1\" content=\"3 minutes\" \/>\n<!-- \/ Yoast SEO plugin. -->","yoast_head_json":{"title":"From a mom and pediatrician - whyvaccines-hcc-es","robots":{"index":"index","follow":"follow","max-snippet":"max-snippet:-1","max-image-preview":"max-image-preview:large","max-video-preview":"max-video-preview:-1"},"canonical":"https:\/\/www.whyvaccines.com\/es-us\/real-vaccination-stories\/dr-chandra-puri\/","og_locale":"en_US","og_type":"article","og_title":"From a mom and pediatrician - whyvaccines-hcc-es","og_url":"https:\/\/www.whyvaccines.com\/es-us\/real-vaccination-stories\/dr-chandra-puri\/","og_site_name":"whyvaccines-hcc-es","article_modified_time":"2026-04-16T08:07:36+00:00","og_image":[{"width":720,"height":405,"url":"https:\/\/www.whyvaccines.com\/es-us\/wp-content\/uploads\/sites\/367\/2025\/05\/april-orange.webp","type":"image\/webp"}],"twitter_card":"summary_large_image","twitter_misc":{"Est. reading time":"3 minutes"},"schema":{"@context":"https:\/\/schema.org","@graph":[{"@type":"WebPage","@id":"https:\/\/www.whyvaccines.com\/es-us\/real-vaccination-stories\/dr-chandra-puri\/","url":"https:\/\/www.whyvaccines.com\/es-us\/real-vaccination-stories\/dr-chandra-puri\/","name":"From a mom and pediatrician - whyvaccines-hcc-es","isPartOf":{"@id":"https:\/\/www.whyvaccines.com\/es-us\/#website"},"primaryImageOfPage":{"@id":"https:\/\/www.whyvaccines.com\/es-us\/real-vaccination-stories\/dr-chandra-puri\/#primaryimage"},"image":{"@id":"https:\/\/www.whyvaccines.com\/es-us\/real-vaccination-stories\/dr-chandra-puri\/#primaryimage"},"thumbnailUrl":"https:\/\/www.whyvaccines.com\/es-us\/wp-content\/uploads\/sites\/367\/2025\/05\/april-orange.webp?w=720","datePublished":"2025-05-15T09:26:49+00:00","dateModified":"2026-04-16T08:07:36+00:00","breadcrumb":{"@id":"https:\/\/www.whyvaccines.com\/es-us\/real-vaccination-stories\/dr-chandra-puri\/#breadcrumb"},"inLanguage":"en-US","potentialAction":[{"@type":"ReadAction","target":["https:\/\/www.whyvaccines.com\/es-us\/real-vaccination-stories\/dr-chandra-puri\/"]}]},{"@type":"ImageObject","inLanguage":"en-US","@id":"https:\/\/www.whyvaccines.com\/es-us\/real-vaccination-stories\/dr-chandra-puri\/#primaryimage","url":"https:\/\/www.whyvaccines.com\/es-us\/wp-content\/uploads\/sites\/367\/2025\/05\/april-orange.webp","contentUrl":"https:\/\/www.whyvaccines.com\/es-us\/wp-content\/uploads\/sites\/367\/2025\/05\/april-orange.webp","width":720,"height":405},{"@type":"BreadcrumbList","@id":"https:\/\/www.whyvaccines.com\/es-us\/real-vaccination-stories\/dr-chandra-puri\/#breadcrumb","itemListElement":[{"@type":"ListItem","position":1,"name":"Home","item":"https:\/\/www.whyvaccines.com\/es-us\/"},{"@type":"ListItem","position":2,"name":"Real moms with real stories","item":"https:\/\/www.whyvaccines.com\/es-us\/real-vaccination-stories\/"},{"@type":"ListItem","position":3,"name":"From a mom and pediatrician"}]},{"@type":"WebSite","@id":"https:\/\/www.whyvaccines.com\/es-us\/#website","url":"https:\/\/www.whyvaccines.com\/es-us\/","name":"whyvaccines-hcc-es","description":"Just another vip-msd.com site","potentialAction":[{"@type":"SearchAction","target":{"@type":"EntryPoint","urlTemplate":"https:\/\/www.whyvaccines.com\/es-us\/?s={search_term_string}"},"query-input":{"@type":"PropertyValueSpecification","valueRequired":true,"valueName":"search_term_string"}}],"inLanguage":"en-US"}]}},"acf":[],"_links":{"self":[{"href":"https:\/\/www.whyvaccines.com\/es-us\/wp-json\/wp\/v2\/pages\/2068","targetHints":{"allow":["GET"]}}],"collection":[{"href":"https:\/\/www.whyvaccines.com\/es-us\/wp-json\/wp\/v2\/pages"}],"about":[{"href":"https:\/\/www.whyvaccines.com\/es-us\/wp-json\/wp\/v2\/types\/page"}],"author":[{"embeddable":true,"href":"https:\/\/www.whyvaccines.com\/es-us\/wp-json\/wp\/v2\/users\/561"}],"replies":[{"embeddable":true,"href":"https:\/\/www.whyvaccines.com\/es-us\/wp-json\/wp\/v2\/comments?post=2068"}],"version-history":[{"count":25,"href":"https:\/\/www.whyvaccines.com\/es-us\/wp-json\/wp\/v2\/pages\/2068\/revisions"}],"predecessor-version":[{"id":2539,"href":"https:\/\/www.whyvaccines.com\/es-us\/wp-json\/wp\/v2\/pages\/2068\/revisions\/2539"}],"up":[{"embeddable":true,"href":"https:\/\/www.whyvaccines.com\/es-us\/wp-json\/wp\/v2\/pages\/334"}],"wp:attachment":[{"href":"https:\/\/www.whyvaccines.com\/es-us\/wp-json\/wp\/v2\/media?parent=2068"}],"curies":[{"name":"wp","href":"https:\/\/api.w.org\/{rel}","templated":true}]}}